{"id":2050,"date":"2020-11-01T19:30:48","date_gmt":"2020-11-01T19:30:48","guid":{"rendered":"https:\/\/teamgarage.ch\/?page_id=2050"},"modified":"2020-11-05T22:56:28","modified_gmt":"2020-11-05T22:56:28","slug":"fahrzeugdesinfektion-gegen-viren-und-bakterien-mit-ozon","status":"publish","type":"page","link":"https:\/\/teamgarage.ch\/index.php\/fahrzeugdesinfektion-gegen-viren-und-bakterien-mit-ozon\/","title":{"rendered":"Fahrzeugdesinfektion gegen Viren und Bakterien mit Ozon."},"content":{"rendered":"\n<p>Gerade in der jetzigen Zeit von Covid19 ist es wichtig, dass alle Viren und Bakterien zerst\u00f6rt werden. Wir desinfizieren ihren Fahrzeuginnenraum mit unserem Ozongenerator Nachhaltig. <\/p>\n\n\n\n<figure class=\"wp-container-2 wp-block-gallery-1 wp-block-gallery columns-1 is-cropped\"><ul class=\"blocks-gallery-grid\"><li class=\"blocks-gallery-item\"><figure><img loading=\"lazy\" width=\"768\" height=\"1024\" src=\"https:\/\/teamgarage.ch\/wp-content\/uploads\/2020\/11\/20201102_191539-768x1024.jpg\" alt=\"\" data-id=\"2072\" data-full-url=\"https:\/\/teamgarage.ch\/wp-content\/uploads\/2020\/11\/20201102_191539-scaled.jpg\" data-link=\"https:\/\/teamgarage.ch\/index.php\/fahrzeugdesinfektion-gegen-viren-und-bakterien-mit-ozon\/20201102_191539\/#main\" class=\"wp-image-2072\" srcset=\"https:\/\/teamgarage.ch\/wp-content\/uploads\/2020\/11\/20201102_191539-768x1024.jpg 768w, https:\/\/teamgarage.ch\/wp-content\/uploads\/2020\/11\/20201102_191539-225x300.jpg 225w, https:\/\/teamgarage.ch\/wp-content\/uploads\/2020\/11\/20201102_191539-1152x1536.jpg 1152w, https:\/\/teamgarage.ch\/wp-content\/uploads\/2020\/11\/20201102_191539-1536x2048.jpg 1536w, https:\/\/teamgarage.ch\/wp-content\/uploads\/2020\/11\/20201102_191539-scaled.jpg 1920w\" sizes=\"(max-width: 768px) 100vw, 768px\" \/><\/figure><\/li><\/ul><\/figure>\n\n\n\n<figure class=\"wp-container-4 wp-block-gallery-3 wp-block-gallery columns-1 is-cropped\"><ul class=\"blocks-gallery-grid\"><li class=\"blocks-gallery-item\"><figure><img loading=\"lazy\" width=\"755\" height=\"1024\" src=\"https:\/\/teamgarage.ch\/wp-content\/uploads\/2020\/11\/20201101_205525-1-755x1024.jpg\" alt=\"\" data-id=\"2058\" data-full-url=\"https:\/\/teamgarage.ch\/wp-content\/uploads\/2020\/11\/20201101_205525-1.jpg\" data-link=\"https:\/\/teamgarage.ch\/index.php\/fahrzeugdesinfektion-gegen-viren-und-bakterien-mit-ozon\/20201101_205525-1\/#main\" class=\"wp-image-2058\" srcset=\"https:\/\/teamgarage.ch\/wp-content\/uploads\/2020\/11\/20201101_205525-1-755x1024.jpg 755w, https:\/\/teamgarage.ch\/wp-content\/uploads\/2020\/11\/20201101_205525-1-221x300.jpg 221w, https:\/\/teamgarage.ch\/wp-content\/uploads\/2020\/11\/20201101_205525-1-768x1042.jpg 768w, https:\/\/teamgarage.ch\/wp-content\/uploads\/2020\/11\/20201101_205525-1.jpg 1080w\" sizes=\"(max-width: 755px) 100vw, 755px\" \/><\/figure><\/li><\/ul><\/figure>\n\n\n\n<p>Wussten Sie?<\/p>\n\n\n\n<ul><li>Ozon ist das zweitst\u00e4rkste Desinfektionsmittel der Welt.<\/li><li>Ozon kann nicht haltbar gemacht werden und zerf\u00e4llt innert ca. 30 Minuten in Sauerstoff.<\/li><li>Ozon wird zum desinfizieren von Spit\u00e4ler, zum desinfizieren von Trinkwasser und Schwimmb\u00e4der, von verseuchten R\u00e4umen, gegen Schimmel, gegen Viren, gegen Baterien usw. angewendet.<\/li><li><strong>Es bestehen Studien, dass das Sars Virus nach 4 Minuten an Oberfl\u00e4chen geknackt und zerst\u00f6rt wird. F\u00fcr Covid19 bestehen noch keine Studien, doch die \u00c4hnlichkeit zu Sars l\u00e4sst auch Vermutungen zu, dass eine Zerst\u00f6rung des Virus m\u00f6glich ist.  Beispielsweise werden in Italien Spit\u00e4ler nach Covid mit Ozon desinfiziert.<\/strong><\/li><\/ul>\n\n\n\n<figure class=\"wp-container-6 wp-block-gallery-5 wp-block-gallery columns-1 is-cropped\"><ul class=\"blocks-gallery-grid\"><li class=\"blocks-gallery-item\"><figure><img loading=\"lazy\" width=\"870\" height=\"1024\" src=\"https:\/\/teamgarage.ch\/wp-content\/uploads\/2020\/11\/20201101_205542-870x1024.jpg\" alt=\"\" data-id=\"2056\" data-full-url=\"https:\/\/teamgarage.ch\/wp-content\/uploads\/2020\/11\/20201101_205542.jpg\" data-link=\"https:\/\/teamgarage.ch\/index.php\/fahrzeugdesinfektion-gegen-viren-und-bakterien-mit-ozon\/20201101_205542\/#main\" class=\"wp-image-2056\" srcset=\"https:\/\/teamgarage.ch\/wp-content\/uploads\/2020\/11\/20201101_205542-870x1024.jpg 870w, https:\/\/teamgarage.ch\/wp-content\/uploads\/2020\/11\/20201101_205542-255x300.jpg 255w, https:\/\/teamgarage.ch\/wp-content\/uploads\/2020\/11\/20201101_205542-768x904.jpg 768w, https:\/\/teamgarage.ch\/wp-content\/uploads\/2020\/11\/20201101_205542.jpg 1080w\" sizes=\"(max-width: 870px) 100vw, 870px\" \/><\/figure><\/li><\/ul><\/figure>\n\n\n\n<ul><li>Dass Ozon zur Beseitigung von \u00fcblen Ger\u00fcchen (Raucherautos, Hundeautos, Erbrochenes usw.) angewendet wird.<\/li><\/ul>\n\n\n\n<p>F\u00fcr weitere Fragen stehe ich ihnen gerne zur Verf\u00fcgung.<\/p>\n","protected":false},"excerpt":{"rendered":"<p>Gerade in der jetzigen Zeit von Covid19 ist es wichtig, dass alle Viren und Bakterien zerst\u00f6rt werden. Wir desinfizieren ihren Fahrzeuginnenraum mit unserem Ozongenerator Nachhaltig. Wussten Sie? Ozon ist das zweitst\u00e4rkste Desinfektionsmittel der Welt. Ozon kann nicht haltbar gemacht werden und zerf\u00e4llt innert ca. 30 Minuten in Sauerstoff. Ozon wird zum desinfizieren von Spit\u00e4ler, zum desinfizieren von Trinkwasser und Schwimmb\u00e4der, von verseuchten R\u00e4umen, gegen Schimmel, gegen Viren, gegen Baterien usw. angewendet. Es bestehen Studien, dass das Sars Virus nach 4 Minuten an Oberfl\u00e4chen geknackt und zerst\u00f6rt wird. F\u00fcr Covid19 bestehen noch keine Studien, doch die \u00c4hnlichkeit zu Sars l\u00e4sst auch&#8230; <\/p>\n","protected":false},"author":2,"featured_media":0,"parent":0,"menu_order":0,"comment_status":"closed","ping_status":"closed","template":"","meta":[],"_links":{"self":[{"href":"https:\/\/teamgarage.ch\/index.php\/wp-json\/wp\/v2\/pages\/2050"}],"collection":[{"href":"https:\/\/teamgarage.ch\/index.php\/wp-json\/wp\/v2\/pages"}],"about":[{"href":"https:\/\/teamgarage.ch\/index.php\/wp-json\/wp\/v2\/types\/page"}],"author":[{"embeddable":true,"href":"https:\/\/teamgarage.ch\/index.php\/wp-json\/wp\/v2\/users\/2"}],"replies":[{"embeddable":true,"href":"https:\/\/teamgarage.ch\/index.php\/wp-json\/wp\/v2\/comments?post=2050"}],"version-history":[{"count":8,"href":"https:\/\/teamgarage.ch\/index.php\/wp-json\/wp\/v2\/pages\/2050\/revisions"}],"predecessor-version":[{"id":2074,"href":"https:\/\/teamgarage.ch\/index.php\/wp-json\/wp\/v2\/pages\/2050\/revisions\/2074"}],"wp:attachment":[{"href":"https:\/\/teamgarage.ch\/index.php\/wp-json\/wp\/v2\/media?parent=2050"}],"curies":[{"name":"wp","href":"https:\/\/api.w.org\/{rel}","templated":true}]}}