{"id":1971,"date":"2020-10-06T23:47:41","date_gmt":"2020-10-06T23:47:41","guid":{"rendered":"https:\/\/teamgarage.ch\/?page_id=1971"},"modified":"2020-10-07T15:03:21","modified_gmt":"2020-10-07T15:03:21","slug":"werbung","status":"publish","type":"page","link":"https:\/\/teamgarage.ch\/index.php\/werbung\/","title":{"rendered":"Werbung"},"content":{"rendered":"\n<p>Mit Benzin im Blut wurde Werbung auf Rennfahrzeugen gemacht.<\/p>\n\n\n\n<figure class=\"wp-container-2 wp-block-gallery-1 wp-block-gallery columns-0 is-cropped\"><ul class=\"blocks-gallery-grid\"><\/ul><\/figure>\n\n\n\n<p>2018, Marc Buchser von Reitnau auf VW Polo.<\/p>\n\n\n\n<figure class=\"wp-container-4 wp-block-gallery-3 wp-block-gallery columns-1 is-cropped\"><ul class=\"blocks-gallery-grid\"><li class=\"blocks-gallery-item\"><figure><img loading=\"lazy\" width=\"120\" height=\"150\" src=\"https:\/\/teamgarage.ch\/wp-content\/uploads\/2020\/10\/marc-buchser-1.jpg\" alt=\"\" data-id=\"1990\" data-full-url=\"https:\/\/teamgarage.ch\/wp-content\/uploads\/2020\/10\/marc-buchser-1.jpg\" data-link=\"https:\/\/teamgarage.ch\/index.php\/werbung\/marc-buchser-1\/#main\" class=\"wp-image-1990\"\/><\/figure><\/li><\/ul><\/figure>\n\n\n\n<p><\/p>\n\n\n\n<figure class=\"wp-container-6 wp-block-gallery-5 wp-block-gallery columns-3 is-cropped\"><ul class=\"blocks-gallery-grid\"><li class=\"blocks-gallery-item\"><figure><img loading=\"lazy\" width=\"658\" height=\"314\" src=\"https:\/\/teamgarage.ch\/wp-content\/uploads\/2020\/10\/20201005_202623.jpg\" alt=\"\" data-id=\"1972\" data-full-url=\"https:\/\/teamgarage.ch\/wp-content\/uploads\/2020\/10\/20201005_202623.jpg\" data-link=\"https:\/\/teamgarage.ch\/?attachment_id=1972#main\" class=\"wp-image-1972\" srcset=\"https:\/\/teamgarage.ch\/wp-content\/uploads\/2020\/10\/20201005_202623.jpg 658w, https:\/\/teamgarage.ch\/wp-content\/uploads\/2020\/10\/20201005_202623-300x143.jpg 300w\" sizes=\"(max-width: 658px) 100vw, 658px\" \/><\/figure><\/li><li class=\"blocks-gallery-item\"><figure><img loading=\"lazy\" width=\"693\" height=\"307\" src=\"https:\/\/teamgarage.ch\/wp-content\/uploads\/2020\/10\/20201005_202703.jpg\" alt=\"\" data-id=\"1973\" data-full-url=\"https:\/\/teamgarage.ch\/wp-content\/uploads\/2020\/10\/20201005_202703.jpg\" data-link=\"https:\/\/teamgarage.ch\/?attachment_id=1973#main\" class=\"wp-image-1973\" srcset=\"https:\/\/teamgarage.ch\/wp-content\/uploads\/2020\/10\/20201005_202703.jpg 693w, https:\/\/teamgarage.ch\/wp-content\/uploads\/2020\/10\/20201005_202703-300x133.jpg 300w\" sizes=\"(max-width: 693px) 100vw, 693px\" \/><\/figure><\/li><li class=\"blocks-gallery-item\"><figure><img loading=\"lazy\" width=\"967\" height=\"674\" src=\"https:\/\/teamgarage.ch\/wp-content\/uploads\/2020\/10\/20201005_202821.jpg\" alt=\"\" data-id=\"1974\" data-full-url=\"https:\/\/teamgarage.ch\/wp-content\/uploads\/2020\/10\/20201005_202821.jpg\" data-link=\"https:\/\/teamgarage.ch\/?attachment_id=1974#main\" class=\"wp-image-1974\" srcset=\"https:\/\/teamgarage.ch\/wp-content\/uploads\/2020\/10\/20201005_202821.jpg 967w, https:\/\/teamgarage.ch\/wp-content\/uploads\/2020\/10\/20201005_202821-300x209.jpg 300w, https:\/\/teamgarage.ch\/wp-content\/uploads\/2020\/10\/20201005_202821-768x535.jpg 768w\" sizes=\"(max-width: 967px) 100vw, 967px\" \/><\/figure><\/li><\/ul><\/figure>\n\n\n\n<p>2019: R\u00f6bi Wicki von Hagendorn auf Mitsubishi Lancer EVO.<\/p>\n\n\n\n<figure class=\"wp-container-8 wp-block-gallery-7 wp-block-gallery columns-1 is-cropped\"><ul class=\"blocks-gallery-grid\"><li class=\"blocks-gallery-item\"><figure><img loading=\"lazy\" width=\"431\" height=\"658\" src=\"https:\/\/teamgarage.ch\/wp-content\/uploads\/2020\/10\/20201007_021724.jpg\" alt=\"\" data-id=\"1991\" data-full-url=\"https:\/\/teamgarage.ch\/wp-content\/uploads\/2020\/10\/20201007_021724.jpg\" data-link=\"https:\/\/teamgarage.ch\/index.php\/werbung\/20201007_021724\/#main\" class=\"wp-image-1991\" srcset=\"https:\/\/teamgarage.ch\/wp-content\/uploads\/2020\/10\/20201007_021724.jpg 431w, https:\/\/teamgarage.ch\/wp-content\/uploads\/2020\/10\/20201007_021724-197x300.jpg 197w\" sizes=\"(max-width: 431px) 100vw, 431px\" \/><\/figure><\/li><\/ul><\/figure>\n\n\n\n<figure class=\"wp-container-10 wp-block-gallery-9 wp-block-gallery columns-3 is-cropped\"><ul class=\"blocks-gallery-grid\"><li class=\"blocks-gallery-item\"><figure><img loading=\"lazy\" width=\"889\" height=\"411\" src=\"https:\/\/teamgarage.ch\/wp-content\/uploads\/2020\/10\/20201005_203839.jpg\" alt=\"\" data-id=\"1975\" data-full-url=\"https:\/\/teamgarage.ch\/wp-content\/uploads\/2020\/10\/20201005_203839.jpg\" data-link=\"https:\/\/teamgarage.ch\/?attachment_id=1975#main\" class=\"wp-image-1975\" srcset=\"https:\/\/teamgarage.ch\/wp-content\/uploads\/2020\/10\/20201005_203839.jpg 889w, https:\/\/teamgarage.ch\/wp-content\/uploads\/2020\/10\/20201005_203839-300x139.jpg 300w, https:\/\/teamgarage.ch\/wp-content\/uploads\/2020\/10\/20201005_203839-768x355.jpg 768w\" sizes=\"(max-width: 889px) 100vw, 889px\" \/><\/figure><\/li><li class=\"blocks-gallery-item\"><figure><img loading=\"lazy\" width=\"1024\" height=\"765\" src=\"https:\/\/teamgarage.ch\/wp-content\/uploads\/2020\/10\/20201006_193253-1024x765.jpg\" alt=\"\" data-id=\"1976\" data-full-url=\"https:\/\/teamgarage.ch\/wp-content\/uploads\/2020\/10\/20201006_193253.jpg\" data-link=\"https:\/\/teamgarage.ch\/?attachment_id=1976#main\" class=\"wp-image-1976\" srcset=\"https:\/\/teamgarage.ch\/wp-content\/uploads\/2020\/10\/20201006_193253-1024x765.jpg 1024w, https:\/\/teamgarage.ch\/wp-content\/uploads\/2020\/10\/20201006_193253-300x224.jpg 300w, https:\/\/teamgarage.ch\/wp-content\/uploads\/2020\/10\/20201006_193253-768x574.jpg 768w, https:\/\/teamgarage.ch\/wp-content\/uploads\/2020\/10\/20201006_193253.jpg 1080w\" sizes=\"(max-width: 1024px) 100vw, 1024px\" \/><\/figure><\/li><li class=\"blocks-gallery-item\"><figure><img loading=\"lazy\" width=\"1024\" height=\"778\" src=\"https:\/\/teamgarage.ch\/wp-content\/uploads\/2020\/10\/20201006_193325-1024x778.jpg\" alt=\"\" data-id=\"1978\" data-full-url=\"https:\/\/teamgarage.ch\/wp-content\/uploads\/2020\/10\/20201006_193325.jpg\" data-link=\"https:\/\/teamgarage.ch\/?attachment_id=1978#main\" class=\"wp-image-1978\" srcset=\"https:\/\/teamgarage.ch\/wp-content\/uploads\/2020\/10\/20201006_193325-1024x778.jpg 1024w, https:\/\/teamgarage.ch\/wp-content\/uploads\/2020\/10\/20201006_193325-300x228.jpg 300w, https:\/\/teamgarage.ch\/wp-content\/uploads\/2020\/10\/20201006_193325-768x584.jpg 768w, https:\/\/teamgarage.ch\/wp-content\/uploads\/2020\/10\/20201006_193325.jpg 1080w\" sizes=\"(max-width: 1024px) 100vw, 1024px\" \/><\/figure><\/li><li class=\"blocks-gallery-item\"><figure><img loading=\"lazy\" width=\"1024\" height=\"751\" src=\"https:\/\/teamgarage.ch\/wp-content\/uploads\/2020\/10\/20201006_193345-1024x751.jpg\" alt=\"\" data-id=\"1979\" data-full-url=\"https:\/\/teamgarage.ch\/wp-content\/uploads\/2020\/10\/20201006_193345.jpg\" data-link=\"https:\/\/teamgarage.ch\/?attachment_id=1979#main\" class=\"wp-image-1979\" srcset=\"https:\/\/teamgarage.ch\/wp-content\/uploads\/2020\/10\/20201006_193345-1024x751.jpg 1024w, https:\/\/teamgarage.ch\/wp-content\/uploads\/2020\/10\/20201006_193345-300x220.jpg 300w, https:\/\/teamgarage.ch\/wp-content\/uploads\/2020\/10\/20201006_193345-768x563.jpg 768w, https:\/\/teamgarage.ch\/wp-content\/uploads\/2020\/10\/20201006_193345.jpg 1080w\" sizes=\"(max-width: 1024px) 100vw, 1024px\" \/><\/figure><\/li><li class=\"blocks-gallery-item\"><figure><img loading=\"lazy\" width=\"1024\" height=\"564\" src=\"https:\/\/teamgarage.ch\/wp-content\/uploads\/2020\/10\/20201006_193411-1024x564.jpg\" alt=\"\" data-id=\"1980\" data-full-url=\"https:\/\/teamgarage.ch\/wp-content\/uploads\/2020\/10\/20201006_193411.jpg\" data-link=\"https:\/\/teamgarage.ch\/?attachment_id=1980#main\" class=\"wp-image-1980\" srcset=\"https:\/\/teamgarage.ch\/wp-content\/uploads\/2020\/10\/20201006_193411-1024x564.jpg 1024w, https:\/\/teamgarage.ch\/wp-content\/uploads\/2020\/10\/20201006_193411-300x165.jpg 300w, https:\/\/teamgarage.ch\/wp-content\/uploads\/2020\/10\/20201006_193411-768x423.jpg 768w, https:\/\/teamgarage.ch\/wp-content\/uploads\/2020\/10\/20201006_193411.jpg 1072w\" sizes=\"(max-width: 1024px) 100vw, 1024px\" \/><\/figure><\/li><\/ul><\/figure>\n\n\n\n<p><\/p>\n\n\n\n<p><\/p>\n\n\n\n<p><\/p>\n\n\n\n<p>2019: Wurde unser Renault Twingo RS anl\u00e4sslich eines Trackday in Bresse Frankreich auf der Rennstrecke getestet.<\/p>\n\n\n\n<figure class=\"wp-container-12 wp-block-gallery-11 wp-block-gallery columns-3 is-cropped\"><ul class=\"blocks-gallery-grid\"><li class=\"blocks-gallery-item\"><figure><img loading=\"lazy\" width=\"1024\" height=\"662\" src=\"https:\/\/teamgarage.ch\/wp-content\/uploads\/2020\/10\/20201007_024236-1024x662.jpg\" alt=\"\" data-id=\"2002\" data-full-url=\"https:\/\/teamgarage.ch\/wp-content\/uploads\/2020\/10\/20201007_024236.jpg\" data-link=\"https:\/\/teamgarage.ch\/index.php\/werbung\/20201007_024236\/#main\" class=\"wp-image-2002\" srcset=\"https:\/\/teamgarage.ch\/wp-content\/uploads\/2020\/10\/20201007_024236-1024x662.jpg 1024w, https:\/\/teamgarage.ch\/wp-content\/uploads\/2020\/10\/20201007_024236-300x194.jpg 300w, https:\/\/teamgarage.ch\/wp-content\/uploads\/2020\/10\/20201007_024236-768x496.jpg 768w, https:\/\/teamgarage.ch\/wp-content\/uploads\/2020\/10\/20201007_024236.jpg 1080w\" sizes=\"(max-width: 1024px) 100vw, 1024px\" \/><\/figure><\/li><li class=\"blocks-gallery-item\"><figure><img loading=\"lazy\" width=\"1024\" height=\"461\" src=\"https:\/\/teamgarage.ch\/wp-content\/uploads\/2020\/10\/20201007_024251-1024x461.jpg\" alt=\"\" data-id=\"2003\" data-full-url=\"https:\/\/teamgarage.ch\/wp-content\/uploads\/2020\/10\/20201007_024251.jpg\" data-link=\"https:\/\/teamgarage.ch\/index.php\/werbung\/20201007_024251\/#main\" class=\"wp-image-2003\" srcset=\"https:\/\/teamgarage.ch\/wp-content\/uploads\/2020\/10\/20201007_024251-1024x461.jpg 1024w, https:\/\/teamgarage.ch\/wp-content\/uploads\/2020\/10\/20201007_024251-300x135.jpg 300w, https:\/\/teamgarage.ch\/wp-content\/uploads\/2020\/10\/20201007_024251-768x346.jpg 768w, https:\/\/teamgarage.ch\/wp-content\/uploads\/2020\/10\/20201007_024251.jpg 1080w\" sizes=\"(max-width: 1024px) 100vw, 1024px\" \/><\/figure><\/li><li class=\"blocks-gallery-item\"><figure><img loading=\"lazy\" width=\"1024\" height=\"597\" src=\"https:\/\/teamgarage.ch\/wp-content\/uploads\/2020\/10\/20201007_024308-1024x597.jpg\" alt=\"\" data-id=\"2004\" data-full-url=\"https:\/\/teamgarage.ch\/wp-content\/uploads\/2020\/10\/20201007_024308.jpg\" data-link=\"https:\/\/teamgarage.ch\/index.php\/werbung\/20201007_024308\/#main\" class=\"wp-image-2004\" srcset=\"https:\/\/teamgarage.ch\/wp-content\/uploads\/2020\/10\/20201007_024308-1024x597.jpg 1024w, https:\/\/teamgarage.ch\/wp-content\/uploads\/2020\/10\/20201007_024308-300x175.jpg 300w, https:\/\/teamgarage.ch\/wp-content\/uploads\/2020\/10\/20201007_024308-768x448.jpg 768w, https:\/\/teamgarage.ch\/wp-content\/uploads\/2020\/10\/20201007_024308.jpg 1080w\" sizes=\"(max-width: 1024px) 100vw, 1024px\" \/><\/figure><\/li><li class=\"blocks-gallery-item\"><figure><img loading=\"lazy\" width=\"1024\" height=\"653\" src=\"https:\/\/teamgarage.ch\/wp-content\/uploads\/2020\/10\/20201007_024326-1024x653.jpg\" alt=\"\" data-id=\"2005\" data-full-url=\"https:\/\/teamgarage.ch\/wp-content\/uploads\/2020\/10\/20201007_024326.jpg\" data-link=\"https:\/\/teamgarage.ch\/index.php\/werbung\/20201007_024326\/#main\" class=\"wp-image-2005\" srcset=\"https:\/\/teamgarage.ch\/wp-content\/uploads\/2020\/10\/20201007_024326-1024x653.jpg 1024w, https:\/\/teamgarage.ch\/wp-content\/uploads\/2020\/10\/20201007_024326-300x191.jpg 300w, https:\/\/teamgarage.ch\/wp-content\/uploads\/2020\/10\/20201007_024326-768x490.jpg 768w, https:\/\/teamgarage.ch\/wp-content\/uploads\/2020\/10\/20201007_024326.jpg 1080w\" sizes=\"(max-width: 1024px) 100vw, 1024px\" \/><\/figure><\/li><li class=\"blocks-gallery-item\"><figure><img loading=\"lazy\" width=\"1024\" height=\"605\" src=\"https:\/\/teamgarage.ch\/wp-content\/uploads\/2020\/10\/20201007_024341-1024x605.jpg\" alt=\"\" data-id=\"2006\" data-full-url=\"https:\/\/teamgarage.ch\/wp-content\/uploads\/2020\/10\/20201007_024341.jpg\" data-link=\"https:\/\/teamgarage.ch\/index.php\/werbung\/20201007_024341\/#main\" class=\"wp-image-2006\" srcset=\"https:\/\/teamgarage.ch\/wp-content\/uploads\/2020\/10\/20201007_024341-1024x605.jpg 1024w, https:\/\/teamgarage.ch\/wp-content\/uploads\/2020\/10\/20201007_024341-300x177.jpg 300w, https:\/\/teamgarage.ch\/wp-content\/uploads\/2020\/10\/20201007_024341-768x454.jpg 768w, https:\/\/teamgarage.ch\/wp-content\/uploads\/2020\/10\/20201007_024341.jpg 1080w\" sizes=\"(max-width: 1024px) 100vw, 1024px\" \/><\/figure><\/li><li class=\"blocks-gallery-item\"><figure><img loading=\"lazy\" width=\"1024\" height=\"710\" src=\"https:\/\/teamgarage.ch\/wp-content\/uploads\/2020\/10\/20201007_024355-1024x710.jpg\" alt=\"\" data-id=\"2007\" data-full-url=\"https:\/\/teamgarage.ch\/wp-content\/uploads\/2020\/10\/20201007_024355.jpg\" data-link=\"https:\/\/teamgarage.ch\/index.php\/werbung\/20201007_024355\/#main\" class=\"wp-image-2007\" srcset=\"https:\/\/teamgarage.ch\/wp-content\/uploads\/2020\/10\/20201007_024355-1024x710.jpg 1024w, https:\/\/teamgarage.ch\/wp-content\/uploads\/2020\/10\/20201007_024355-300x208.jpg 300w, https:\/\/teamgarage.ch\/wp-content\/uploads\/2020\/10\/20201007_024355-768x533.jpg 768w, https:\/\/teamgarage.ch\/wp-content\/uploads\/2020\/10\/20201007_024355.jpg 1080w\" sizes=\"(max-width: 1024px) 100vw, 1024px\" \/><\/figure><\/li><li class=\"blocks-gallery-item\"><figure><img loading=\"lazy\" width=\"1024\" height=\"782\" src=\"https:\/\/teamgarage.ch\/wp-content\/uploads\/2020\/10\/20201007_024410-1024x782.jpg\" alt=\"\" data-id=\"2008\" data-full-url=\"https:\/\/teamgarage.ch\/wp-content\/uploads\/2020\/10\/20201007_024410.jpg\" data-link=\"https:\/\/teamgarage.ch\/index.php\/werbung\/20201007_024410\/#main\" class=\"wp-image-2008\" srcset=\"https:\/\/teamgarage.ch\/wp-content\/uploads\/2020\/10\/20201007_024410-1024x782.jpg 1024w, https:\/\/teamgarage.ch\/wp-content\/uploads\/2020\/10\/20201007_024410-300x229.jpg 300w, https:\/\/teamgarage.ch\/wp-content\/uploads\/2020\/10\/20201007_024410-768x587.jpg 768w, https:\/\/teamgarage.ch\/wp-content\/uploads\/2020\/10\/20201007_024410.jpg 1080w\" sizes=\"(max-width: 1024px) 100vw, 1024px\" \/><\/figure><\/li><\/ul><\/figure>\n\n\n\n<p>2020: Da durch Covid 19 s\u00e4mtliche Schweizer Motorsportaktivit\u00e4ten gestrichen wurden, wurde dem Nachwuchshockeyspieler Lars Hofmann unter Transparenter Mobilit\u00e4t, unser Peugeot 206 CC kostenlos zur Verf\u00fcgung gestellt.<\/p>\n\n\n\n<figure class=\"wp-container-14 wp-block-gallery-13 wp-block-gallery columns-1 is-cropped\"><ul class=\"blocks-gallery-grid\"><li class=\"blocks-gallery-item\"><figure><img loading=\"lazy\" width=\"203\" height=\"249\" src=\"https:\/\/teamgarage.ch\/wp-content\/uploads\/2020\/10\/images.jpeg\" alt=\"\" data-id=\"1992\" data-full-url=\"https:\/\/teamgarage.ch\/wp-content\/uploads\/2020\/10\/images.jpeg\" data-link=\"https:\/\/teamgarage.ch\/index.php\/werbung\/images\/#main\" class=\"wp-image-1992\"\/><\/figure><\/li><\/ul><\/figure>\n\n\n\n<figure class=\"wp-container-16 wp-block-gallery-15 wp-block-gallery columns-3 is-cropped\"><ul class=\"blocks-gallery-grid\"><li class=\"blocks-gallery-item\"><figure><img loading=\"lazy\" width=\"1024\" height=\"768\" src=\"https:\/\/teamgarage.ch\/wp-content\/uploads\/2020\/10\/20200825_184915-1024x768.jpg\" alt=\"\" data-id=\"1982\" data-full-url=\"https:\/\/teamgarage.ch\/wp-content\/uploads\/2020\/10\/20200825_184915-scaled.jpg\" data-link=\"https:\/\/teamgarage.ch\/index.php\/werbung\/20200825_184915\/#main\" class=\"wp-image-1982\" srcset=\"https:\/\/teamgarage.ch\/wp-content\/uploads\/2020\/10\/20200825_184915-1024x768.jpg 1024w, https:\/\/teamgarage.ch\/wp-content\/uploads\/2020\/10\/20200825_184915-300x225.jpg 300w, https:\/\/teamgarage.ch\/wp-content\/uploads\/2020\/10\/20200825_184915-768x576.jpg 768w, https:\/\/teamgarage.ch\/wp-content\/uploads\/2020\/10\/20200825_184915-1536x1152.jpg 1536w, https:\/\/teamgarage.ch\/wp-content\/uploads\/2020\/10\/20200825_184915-2048x1536.jpg 2048w\" sizes=\"(max-width: 1024px) 100vw, 1024px\" \/><\/figure><\/li><li class=\"blocks-gallery-item\"><figure><img loading=\"lazy\" width=\"1024\" height=\"768\" src=\"https:\/\/teamgarage.ch\/wp-content\/uploads\/2020\/10\/20200825_184906-1024x768.jpg\" alt=\"\" data-id=\"1983\" data-full-url=\"https:\/\/teamgarage.ch\/wp-content\/uploads\/2020\/10\/20200825_184906-scaled.jpg\" data-link=\"https:\/\/teamgarage.ch\/index.php\/werbung\/20200825_184906\/#main\" class=\"wp-image-1983\" srcset=\"https:\/\/teamgarage.ch\/wp-content\/uploads\/2020\/10\/20200825_184906-1024x768.jpg 1024w, https:\/\/teamgarage.ch\/wp-content\/uploads\/2020\/10\/20200825_184906-300x225.jpg 300w, https:\/\/teamgarage.ch\/wp-content\/uploads\/2020\/10\/20200825_184906-768x576.jpg 768w, https:\/\/teamgarage.ch\/wp-content\/uploads\/2020\/10\/20200825_184906-1536x1152.jpg 1536w, https:\/\/teamgarage.ch\/wp-content\/uploads\/2020\/10\/20200825_184906-2048x1536.jpg 2048w\" sizes=\"(max-width: 1024px) 100vw, 1024px\" \/><\/figure><\/li><li class=\"blocks-gallery-item\"><figure><img loading=\"lazy\" width=\"1024\" height=\"768\" src=\"https:\/\/teamgarage.ch\/wp-content\/uploads\/2020\/10\/20200825_184859-1024x768.jpg\" alt=\"\" data-id=\"1984\" data-full-url=\"https:\/\/teamgarage.ch\/wp-content\/uploads\/2020\/10\/20200825_184859-scaled.jpg\" data-link=\"https:\/\/teamgarage.ch\/index.php\/werbung\/20200825_184859\/#main\" class=\"wp-image-1984\" srcset=\"https:\/\/teamgarage.ch\/wp-content\/uploads\/2020\/10\/20200825_184859-1024x768.jpg 1024w, https:\/\/teamgarage.ch\/wp-content\/uploads\/2020\/10\/20200825_184859-300x225.jpg 300w, https:\/\/teamgarage.ch\/wp-content\/uploads\/2020\/10\/20200825_184859-768x576.jpg 768w, https:\/\/teamgarage.ch\/wp-content\/uploads\/2020\/10\/20200825_184859-1536x1152.jpg 1536w, https:\/\/teamgarage.ch\/wp-content\/uploads\/2020\/10\/20200825_184859-2048x1536.jpg 2048w\" sizes=\"(max-width: 1024px) 100vw, 1024px\" \/><\/figure><\/li><\/ul><\/figure>\n","protected":false},"excerpt":{"rendered":"<p>Mit Benzin im Blut wurde Werbung auf Rennfahrzeugen gemacht. 2018, Marc Buchser von Reitnau auf VW Polo. 2019: R\u00f6bi Wicki von Hagendorn auf Mitsubishi Lancer EVO. 2019: Wurde unser Renault Twingo RS anl\u00e4sslich eines Trackday in Bresse Frankreich auf der Rennstrecke getestet. 2020: Da durch Covid 19 s\u00e4mtliche Schweizer Motorsportaktivit\u00e4ten gestrichen wurden, wurde dem Nachwuchshockeyspieler Lars Hofmann unter Transparenter Mobilit\u00e4t, unser Peugeot 206 CC kostenlos zur Verf\u00fcgung gestellt.<\/p>\n","protected":false},"author":2,"featured_media":0,"parent":0,"menu_order":0,"comment_status":"closed","ping_status":"closed","template":"","meta":[],"_links":{"self":[{"href":"https:\/\/teamgarage.ch\/index.php\/wp-json\/wp\/v2\/pages\/1971"}],"collection":[{"href":"https:\/\/teamgarage.ch\/index.php\/wp-json\/wp\/v2\/pages"}],"about":[{"href":"https:\/\/teamgarage.ch\/index.php\/wp-json\/wp\/v2\/types\/page"}],"author":[{"embeddable":true,"href":"https:\/\/teamgarage.ch\/index.php\/wp-json\/wp\/v2\/users\/2"}],"replies":[{"embeddable":true,"href":"https:\/\/teamgarage.ch\/index.php\/wp-json\/wp\/v2\/comments?post=1971"}],"version-history":[{"count":9,"href":"https:\/\/teamgarage.ch\/index.php\/wp-json\/wp\/v2\/pages\/1971\/revisions"}],"predecessor-version":[{"id":2011,"href":"https:\/\/teamgarage.ch\/index.php\/wp-json\/wp\/v2\/pages\/1971\/revisions\/2011"}],"wp:attachment":[{"href":"https:\/\/teamgarage.ch\/index.php\/wp-json\/wp\/v2\/media?parent=1971"}],"curies":[{"name":"wp","href":"https:\/\/api.w.org\/{rel}","templated":true}]}}