{"id":1737,"date":"2020-08-28T20:32:06","date_gmt":"2020-08-28T20:32:06","guid":{"rendered":"https:\/\/teamgarage.ch\/?page_id=1737"},"modified":"2026-02-15T17:15:00","modified_gmt":"2026-02-15T17:15:00","slug":"service","status":"publish","type":"page","link":"https:\/\/teamgarage.ch\/index.php\/service\/","title":{"rendered":"Service"},"content":{"rendered":"\n<p>Vielmals wird unter Service, nur ein \u00d6l-Wechsel sowie \u00d6l-Filter wechsel gemeint. Doch ein Service beinhaltet viel mehr als das. Wir zeigen anhand einer Aufstellung auf, was ein Service beinhaltet:<\/p>\n\n\n\n<figure class=\"wp-block-table\"><table><tbody><tr><td>Karosserie waschen<\/td><td>gratis<\/td><\/tr><tr><td>Innenraum reinigen<\/td><td>gratis<\/td><\/tr><tr><td>2 Probefahrten \u00e0 ca 8 km<\/td><td>25.-<\/td><\/tr><tr><td>Spurkontrolle mit Spur-Platte<\/td><td>25.-<\/td><\/tr><tr><td>Bei Abweichungen Spur einstellen<\/td><td>45.-<\/td><\/tr><tr><td>Lichterfunktionskontrolle<\/td><td>gratis<\/td><\/tr><tr><td>Scheinwerfer Einstellung kontrollieren<\/td><td>gratis<\/td><\/tr><tr><td>Scheinwerfer einstellen<\/td><td>25.-<\/td><\/tr><tr><td>Batterie-Test<\/td><td>20.-<\/td><\/tr><tr><td>Wenn n\u00f6tig, Batterie laden<\/td><td>15.-<\/td><\/tr><tr><td>Kontrolle des Fehlerspeichers mit Testger\u00e4t, Servicer\u00fcckstellung<\/td><td>38.-<\/td><\/tr><tr><td>Kontrolle Scheibenbremsen vorne + hinten<\/td><td>35.-<\/td><\/tr><tr><td>Kontrolle Scheibenbremsen vorne, Trommelbremsen hinten<\/td><td>75.-<\/td><\/tr><tr><td>Wartungsdienst inkl. Oel und Oelfilter ersetzen<\/td><td>160.-<\/td><\/tr><\/tbody><\/table><figcaption>Alle Preise in CHF und exkl. MwSt.<\/figcaption><\/figure>\n\n\n\n<div style=\"height:31px\" aria-hidden=\"true\" class=\"wp-block-spacer\"><\/div>\n\n\n\n<p>Folgende Arbeiten werden nach Herstellervorgaben Fahrzeugspezifisch mit einem Stundensatz von 149.- exkl. MwSt verrechnet:<\/p>\n\n\n\n<figure class=\"wp-block-table\"><table><tbody><tr><td>Pollenfilter ersetzen<\/td><\/tr><tr><td>Luftfilter ersetzen<\/td><\/tr><tr><td>Treibstofffilter ersetzen<\/td><\/tr><tr><td>Z\u00fcndkerzen ersetzen<\/td><\/tr><tr><td>Bremsfl\u00fcssigkeit ersetzen 44.- exkl. Bremsfl\u00fcssigkeit<\/td><\/tr><tr><td>Wischbl\u00e4tter ersetzen<\/td><\/tr><\/tbody><\/table><figcaption>Alle Preise in CHF und exkl. MwSt.<\/figcaption><\/figure>\n\n\n\n<div style=\"height:31px\" aria-hidden=\"true\" class=\"wp-block-spacer\"><\/div>\n\n\n\n<p>Im Winter (Oktober bis April) kommen ausserdem zus\u00e4tzlich folgende Punkte dazu:<\/p>\n\n\n\n<figure class=\"wp-block-table\"><table><tbody><tr><td>Gefrierschutzkontrolle von K\u00fchlwasser und Scheibenreinigungsmittel<\/td><\/tr><tr><td>T\u00fcrgummis silikonieren<\/td><\/tr><\/tbody><\/table><\/figure>\n\n\n\n<div style=\"height:31px\" aria-hidden=\"true\" class=\"wp-block-spacer\"><\/div>\n\n\n\n<p>Materialien f\u00fcr den Service:<\/p>\n\n\n\n<figure class=\"wp-block-table\"><table><tbody><tr><td>Motoroel<\/td><\/tr><tr><td>Wischwasser<\/td><\/tr><tr><td>K\u00fchlwasser<\/td><\/tr><tr><td>Getriebeoel<\/td><\/tr><tr><td>Lenkungsoel<\/td><\/tr><tr><td>Oelablassdichtung<\/td><\/tr><tr><td>Oelfilter<\/td><\/tr><tr><td>Luftfilter<\/td><\/tr><tr><td>Pollenfilter<\/td><\/tr><tr><td>Treibstofffilter<\/td><\/tr><tr><td>Z\u00fcndkerzen<\/td><\/tr><tr><td>Wischbl\u00e4tter<\/td><\/tr><tr><td>Treibstoffadditiv<\/td><\/tr><tr><td>Bremsreiniger<\/td><\/tr><\/tbody><\/table><\/figure>\n\n\n\n<p>Alle ersetzten Teile und Fl\u00fcssigkeiten werden nach den g\u00fcltigen Umweltauflagen entsorgt und rezykliert. Daf\u00fcr berechnen wir 5.50.- an Recyclinggeb\u00fchren pro Service.<\/p>\n\n\n\n<p>Alle Preise in CHF und exkl. MwSt.<\/p>\n\n\n\n<figure class=\"wp-container-2 wp-block-gallery-1 wp-block-gallery has-nested-images columns-default is-cropped\">\n<figure class=\"wp-block-image size-large\"><img loading=\"lazy\" width=\"1024\" height=\"768\" data-id=\"2850\"  src=\"https:\/\/teamgarage.ch\/wp-content\/uploads\/2021\/05\/20210409_180242-1024x768.jpg\" alt=\"\" class=\"wp-image-2850\" srcset=\"https:\/\/teamgarage.ch\/wp-content\/uploads\/2021\/05\/20210409_180242-1024x768.jpg 1024w, https:\/\/teamgarage.ch\/wp-content\/uploads\/2021\/05\/20210409_180242-300x225.jpg 300w, https:\/\/teamgarage.ch\/wp-content\/uploads\/2021\/05\/20210409_180242-768x576.jpg 768w, https:\/\/teamgarage.ch\/wp-content\/uploads\/2021\/05\/20210409_180242-1536x1152.jpg 1536w, https:\/\/teamgarage.ch\/wp-content\/uploads\/2021\/05\/20210409_180242-2048x1536.jpg 2048w\" sizes=\"(max-width: 1024px) 100vw, 1024px\" \/><\/figure>\n\n\n\n<figure class=\"wp-block-image size-large\"><img loading=\"lazy\" width=\"1024\" height=\"768\" data-id=\"2851\"  src=\"https:\/\/teamgarage.ch\/wp-content\/uploads\/2021\/05\/20210402_182233-1024x768.jpg\" alt=\"\" class=\"wp-image-2851\" srcset=\"https:\/\/teamgarage.ch\/wp-content\/uploads\/2021\/05\/20210402_182233-1024x768.jpg 1024w, https:\/\/teamgarage.ch\/wp-content\/uploads\/2021\/05\/20210402_182233-300x225.jpg 300w, https:\/\/teamgarage.ch\/wp-content\/uploads\/2021\/05\/20210402_182233-768x576.jpg 768w, https:\/\/teamgarage.ch\/wp-content\/uploads\/2021\/05\/20210402_182233-1536x1152.jpg 1536w, https:\/\/teamgarage.ch\/wp-content\/uploads\/2021\/05\/20210402_182233-2048x1536.jpg 2048w\" sizes=\"(max-width: 1024px) 100vw, 1024px\" \/><\/figure>\n\n\n\n<figure class=\"wp-block-image size-large\"><img loading=\"lazy\" width=\"1024\" height=\"768\" data-id=\"2852\"  src=\"https:\/\/teamgarage.ch\/wp-content\/uploads\/2021\/05\/20210402_111853-1024x768.jpg\" alt=\"\" class=\"wp-image-2852\" srcset=\"https:\/\/teamgarage.ch\/wp-content\/uploads\/2021\/05\/20210402_111853-1024x768.jpg 1024w, https:\/\/teamgarage.ch\/wp-content\/uploads\/2021\/05\/20210402_111853-300x225.jpg 300w, https:\/\/teamgarage.ch\/wp-content\/uploads\/2021\/05\/20210402_111853-768x576.jpg 768w, https:\/\/teamgarage.ch\/wp-content\/uploads\/2021\/05\/20210402_111853-1536x1152.jpg 1536w, https:\/\/teamgarage.ch\/wp-content\/uploads\/2021\/05\/20210402_111853-2048x1536.jpg 2048w\" sizes=\"(max-width: 1024px) 100vw, 1024px\" \/><\/figure>\n\n\n\n<figure class=\"wp-block-image size-large\"><img loading=\"lazy\" width=\"1024\" height=\"768\" data-id=\"2853\"  src=\"https:\/\/teamgarage.ch\/wp-content\/uploads\/2021\/05\/20210322_181512-1024x768.jpg\" alt=\"\" class=\"wp-image-2853\" srcset=\"https:\/\/teamgarage.ch\/wp-content\/uploads\/2021\/05\/20210322_181512-1024x768.jpg 1024w, https:\/\/teamgarage.ch\/wp-content\/uploads\/2021\/05\/20210322_181512-300x225.jpg 300w, https:\/\/teamgarage.ch\/wp-content\/uploads\/2021\/05\/20210322_181512-768x576.jpg 768w, https:\/\/teamgarage.ch\/wp-content\/uploads\/2021\/05\/20210322_181512-1536x1152.jpg 1536w, https:\/\/teamgarage.ch\/wp-content\/uploads\/2021\/05\/20210322_181512-2048x1536.jpg 2048w\" sizes=\"(max-width: 1024px) 100vw, 1024px\" \/><\/figure>\n\n\n\n<figure class=\"wp-block-image size-large\"><img loading=\"lazy\" width=\"1024\" height=\"768\" data-id=\"2854\"  src=\"https:\/\/teamgarage.ch\/wp-content\/uploads\/2021\/05\/20210309_151401-1024x768.jpg\" alt=\"\" class=\"wp-image-2854\" srcset=\"https:\/\/teamgarage.ch\/wp-content\/uploads\/2021\/05\/20210309_151401-1024x768.jpg 1024w, https:\/\/teamgarage.ch\/wp-content\/uploads\/2021\/05\/20210309_151401-300x225.jpg 300w, https:\/\/teamgarage.ch\/wp-content\/uploads\/2021\/05\/20210309_151401-768x576.jpg 768w, https:\/\/teamgarage.ch\/wp-content\/uploads\/2021\/05\/20210309_151401-1536x1152.jpg 1536w, https:\/\/teamgarage.ch\/wp-content\/uploads\/2021\/05\/20210309_151401-2048x1536.jpg 2048w\" sizes=\"(max-width: 1024px) 100vw, 1024px\" \/><\/figure>\n\n\n\n<figure class=\"wp-block-image size-large\"><img loading=\"lazy\" width=\"768\" height=\"1024\" data-id=\"2855\"  src=\"https:\/\/teamgarage.ch\/wp-content\/uploads\/2021\/05\/20210302_143910-768x1024.jpg\" alt=\"\" class=\"wp-image-2855\" srcset=\"https:\/\/teamgarage.ch\/wp-content\/uploads\/2021\/05\/20210302_143910-768x1024.jpg 768w, https:\/\/teamgarage.ch\/wp-content\/uploads\/2021\/05\/20210302_143910-225x300.jpg 225w, https:\/\/teamgarage.ch\/wp-content\/uploads\/2021\/05\/20210302_143910-1152x1536.jpg 1152w, https:\/\/teamgarage.ch\/wp-content\/uploads\/2021\/05\/20210302_143910-1536x2048.jpg 1536w, https:\/\/teamgarage.ch\/wp-content\/uploads\/2021\/05\/20210302_143910-scaled.jpg 1920w\" sizes=\"(max-width: 768px) 100vw, 768px\" \/><\/figure>\n\n\n\n<figure class=\"wp-block-image size-large\"><img loading=\"lazy\" width=\"1024\" height=\"768\" data-id=\"2856\"  src=\"https:\/\/teamgarage.ch\/wp-content\/uploads\/2021\/05\/20210204_090246-1024x768.jpg\" alt=\"\" class=\"wp-image-2856\" srcset=\"https:\/\/teamgarage.ch\/wp-content\/uploads\/2021\/05\/20210204_090246-1024x768.jpg 1024w, https:\/\/teamgarage.ch\/wp-content\/uploads\/2021\/05\/20210204_090246-300x225.jpg 300w, https:\/\/teamgarage.ch\/wp-content\/uploads\/2021\/05\/20210204_090246-768x576.jpg 768w, https:\/\/teamgarage.ch\/wp-content\/uploads\/2021\/05\/20210204_090246-1536x1152.jpg 1536w, https:\/\/teamgarage.ch\/wp-content\/uploads\/2021\/05\/20210204_090246-2048x1536.jpg 2048w\" sizes=\"(max-width: 1024px) 100vw, 1024px\" \/><\/figure>\n\n\n\n<figure class=\"wp-block-image size-large\"><img loading=\"lazy\" width=\"1024\" height=\"768\" data-id=\"2857\"  src=\"https:\/\/teamgarage.ch\/wp-content\/uploads\/2021\/05\/20210204_085939-1024x768.jpg\" alt=\"\" class=\"wp-image-2857\" srcset=\"https:\/\/teamgarage.ch\/wp-content\/uploads\/2021\/05\/20210204_085939-1024x768.jpg 1024w, https:\/\/teamgarage.ch\/wp-content\/uploads\/2021\/05\/20210204_085939-300x225.jpg 300w, https:\/\/teamgarage.ch\/wp-content\/uploads\/2021\/05\/20210204_085939-768x576.jpg 768w, https:\/\/teamgarage.ch\/wp-content\/uploads\/2021\/05\/20210204_085939-1536x1152.jpg 1536w, https:\/\/teamgarage.ch\/wp-content\/uploads\/2021\/05\/20210204_085939-2048x1536.jpg 2048w\" sizes=\"(max-width: 1024px) 100vw, 1024px\" \/><\/figure>\n\n\n\n<figure class=\"wp-block-image size-large\"><img loading=\"lazy\" width=\"1024\" height=\"768\" data-id=\"2858\"  src=\"https:\/\/teamgarage.ch\/wp-content\/uploads\/2021\/05\/20210129_185208-1024x768.jpg\" alt=\"\" class=\"wp-image-2858\" srcset=\"https:\/\/teamgarage.ch\/wp-content\/uploads\/2021\/05\/20210129_185208-1024x768.jpg 1024w, https:\/\/teamgarage.ch\/wp-content\/uploads\/2021\/05\/20210129_185208-300x225.jpg 300w, https:\/\/teamgarage.ch\/wp-content\/uploads\/2021\/05\/20210129_185208-768x576.jpg 768w, https:\/\/teamgarage.ch\/wp-content\/uploads\/2021\/05\/20210129_185208-1536x1152.jpg 1536w, https:\/\/teamgarage.ch\/wp-content\/uploads\/2021\/05\/20210129_185208-2048x1536.jpg 2048w\" sizes=\"(max-width: 1024px) 100vw, 1024px\" \/><\/figure>\n\n\n\n<figure class=\"wp-block-image size-large\"><img loading=\"lazy\" width=\"1024\" height=\"768\" data-id=\"2859\"  src=\"https:\/\/teamgarage.ch\/wp-content\/uploads\/2021\/05\/20210129_083939-1024x768.jpg\" alt=\"\" class=\"wp-image-2859\" srcset=\"https:\/\/teamgarage.ch\/wp-content\/uploads\/2021\/05\/20210129_083939-1024x768.jpg 1024w, https:\/\/teamgarage.ch\/wp-content\/uploads\/2021\/05\/20210129_083939-300x225.jpg 300w, https:\/\/teamgarage.ch\/wp-content\/uploads\/2021\/05\/20210129_083939-768x576.jpg 768w, https:\/\/teamgarage.ch\/wp-content\/uploads\/2021\/05\/20210129_083939-1536x1152.jpg 1536w, https:\/\/teamgarage.ch\/wp-content\/uploads\/2021\/05\/20210129_083939-2048x1536.jpg 2048w\" sizes=\"(max-width: 1024px) 100vw, 1024px\" \/><\/figure>\n\n\n\n<figure class=\"wp-block-image size-large\"><img loading=\"lazy\" width=\"768\" height=\"1024\" data-id=\"2860\"  src=\"https:\/\/teamgarage.ch\/wp-content\/uploads\/2021\/05\/20210129_082332-768x1024.jpg\" alt=\"\" class=\"wp-image-2860\" srcset=\"https:\/\/teamgarage.ch\/wp-content\/uploads\/2021\/05\/20210129_082332-768x1024.jpg 768w, https:\/\/teamgarage.ch\/wp-content\/uploads\/2021\/05\/20210129_082332-225x300.jpg 225w, https:\/\/teamgarage.ch\/wp-content\/uploads\/2021\/05\/20210129_082332-1152x1536.jpg 1152w, https:\/\/teamgarage.ch\/wp-content\/uploads\/2021\/05\/20210129_082332-1536x2048.jpg 1536w, https:\/\/teamgarage.ch\/wp-content\/uploads\/2021\/05\/20210129_082332-scaled.jpg 1920w\" sizes=\"(max-width: 768px) 100vw, 768px\" \/><\/figure>\n\n\n\n<figure class=\"wp-block-image size-large\"><img loading=\"lazy\" width=\"1024\" height=\"768\" data-id=\"2861\"  src=\"https:\/\/teamgarage.ch\/wp-content\/uploads\/2021\/05\/20210105_105413-1024x768.jpg\" alt=\"\" class=\"wp-image-2861\" srcset=\"https:\/\/teamgarage.ch\/wp-content\/uploads\/2021\/05\/20210105_105413-1024x768.jpg 1024w, https:\/\/teamgarage.ch\/wp-content\/uploads\/2021\/05\/20210105_105413-300x225.jpg 300w, https:\/\/teamgarage.ch\/wp-content\/uploads\/2021\/05\/20210105_105413-768x576.jpg 768w, https:\/\/teamgarage.ch\/wp-content\/uploads\/2021\/05\/20210105_105413-1536x1152.jpg 1536w, https:\/\/teamgarage.ch\/wp-content\/uploads\/2021\/05\/20210105_105413-2048x1536.jpg 2048w\" sizes=\"(max-width: 1024px) 100vw, 1024px\" \/><\/figure>\n\n\n\n<figure class=\"wp-block-image size-large\"><img loading=\"lazy\" width=\"1024\" height=\"768\" data-id=\"2862\"  src=\"https:\/\/teamgarage.ch\/wp-content\/uploads\/2021\/05\/20201124_101839-1024x768.jpg\" alt=\"\" class=\"wp-image-2862\" srcset=\"https:\/\/teamgarage.ch\/wp-content\/uploads\/2021\/05\/20201124_101839-1024x768.jpg 1024w, https:\/\/teamgarage.ch\/wp-content\/uploads\/2021\/05\/20201124_101839-300x225.jpg 300w, https:\/\/teamgarage.ch\/wp-content\/uploads\/2021\/05\/20201124_101839-768x576.jpg 768w, https:\/\/teamgarage.ch\/wp-content\/uploads\/2021\/05\/20201124_101839-1536x1152.jpg 1536w, https:\/\/teamgarage.ch\/wp-content\/uploads\/2021\/05\/20201124_101839-2048x1536.jpg 2048w\" sizes=\"(max-width: 1024px) 100vw, 1024px\" \/><\/figure>\n\n\n\n<figure class=\"wp-block-image size-large\"><img loading=\"lazy\" width=\"1024\" height=\"576\" data-id=\"2863\"  src=\"https:\/\/teamgarage.ch\/wp-content\/uploads\/2021\/05\/a48bba6fef5d495a2848f606a2ab3720097769f3-1024x576.jpg\" alt=\"\" class=\"wp-image-2863\" srcset=\"https:\/\/teamgarage.ch\/wp-content\/uploads\/2021\/05\/a48bba6fef5d495a2848f606a2ab3720097769f3-1024x576.jpg 1024w, https:\/\/teamgarage.ch\/wp-content\/uploads\/2021\/05\/a48bba6fef5d495a2848f606a2ab3720097769f3-300x169.jpg 300w, https:\/\/teamgarage.ch\/wp-content\/uploads\/2021\/05\/a48bba6fef5d495a2848f606a2ab3720097769f3-768x432.jpg 768w, https:\/\/teamgarage.ch\/wp-content\/uploads\/2021\/05\/a48bba6fef5d495a2848f606a2ab3720097769f3-1536x864.jpg 1536w, https:\/\/teamgarage.ch\/wp-content\/uploads\/2021\/05\/a48bba6fef5d495a2848f606a2ab3720097769f3.jpg 1920w\" sizes=\"(max-width: 1024px) 100vw, 1024px\" \/><\/figure>\n\n\n\n<figure class=\"wp-block-image size-large\"><img loading=\"lazy\" width=\"1024\" height=\"768\" data-id=\"2864\"  src=\"https:\/\/teamgarage.ch\/wp-content\/uploads\/2021\/05\/20201112_145724-1024x768.jpg\" alt=\"\" class=\"wp-image-2864\" srcset=\"https:\/\/teamgarage.ch\/wp-content\/uploads\/2021\/05\/20201112_145724-1024x768.jpg 1024w, https:\/\/teamgarage.ch\/wp-content\/uploads\/2021\/05\/20201112_145724-300x225.jpg 300w, https:\/\/teamgarage.ch\/wp-content\/uploads\/2021\/05\/20201112_145724-768x576.jpg 768w, https:\/\/teamgarage.ch\/wp-content\/uploads\/2021\/05\/20201112_145724-1536x1152.jpg 1536w, https:\/\/teamgarage.ch\/wp-content\/uploads\/2021\/05\/20201112_145724-2048x1536.jpg 2048w\" sizes=\"(max-width: 1024px) 100vw, 1024px\" \/><\/figure>\n\n\n\n<figure class=\"wp-block-image size-large\"><img loading=\"lazy\" width=\"1024\" height=\"768\" data-id=\"2865\"  src=\"https:\/\/teamgarage.ch\/wp-content\/uploads\/2021\/05\/20201002_154746-1024x768.jpg\" alt=\"\" class=\"wp-image-2865\" srcset=\"https:\/\/teamgarage.ch\/wp-content\/uploads\/2021\/05\/20201002_154746-1024x768.jpg 1024w, https:\/\/teamgarage.ch\/wp-content\/uploads\/2021\/05\/20201002_154746-300x225.jpg 300w, https:\/\/teamgarage.ch\/wp-content\/uploads\/2021\/05\/20201002_154746-768x576.jpg 768w, https:\/\/teamgarage.ch\/wp-content\/uploads\/2021\/05\/20201002_154746-1536x1152.jpg 1536w, https:\/\/teamgarage.ch\/wp-content\/uploads\/2021\/05\/20201002_154746-2048x1536.jpg 2048w\" sizes=\"(max-width: 1024px) 100vw, 1024px\" \/><\/figure>\n\n\n\n<figure class=\"wp-block-image size-large\"><img loading=\"lazy\" width=\"1024\" height=\"768\" data-id=\"2866\"  src=\"https:\/\/teamgarage.ch\/wp-content\/uploads\/2021\/05\/20200919_111241-1024x768.jpg\" alt=\"\" class=\"wp-image-2866\" srcset=\"https:\/\/teamgarage.ch\/wp-content\/uploads\/2021\/05\/20200919_111241-1024x768.jpg 1024w, https:\/\/teamgarage.ch\/wp-content\/uploads\/2021\/05\/20200919_111241-300x225.jpg 300w, https:\/\/teamgarage.ch\/wp-content\/uploads\/2021\/05\/20200919_111241-768x576.jpg 768w, https:\/\/teamgarage.ch\/wp-content\/uploads\/2021\/05\/20200919_111241-1536x1152.jpg 1536w, https:\/\/teamgarage.ch\/wp-content\/uploads\/2021\/05\/20200919_111241-2048x1536.jpg 2048w\" sizes=\"(max-width: 1024px) 100vw, 1024px\" \/><\/figure>\n\n\n\n<figure class=\"wp-block-image size-large\"><img loading=\"lazy\" width=\"1024\" height=\"768\" data-id=\"2867\"  src=\"https:\/\/teamgarage.ch\/wp-content\/uploads\/2021\/05\/20200629_081052-1024x768.jpg\" alt=\"\" class=\"wp-image-2867\" srcset=\"https:\/\/teamgarage.ch\/wp-content\/uploads\/2021\/05\/20200629_081052-1024x768.jpg 1024w, https:\/\/teamgarage.ch\/wp-content\/uploads\/2021\/05\/20200629_081052-300x225.jpg 300w, https:\/\/teamgarage.ch\/wp-content\/uploads\/2021\/05\/20200629_081052-768x576.jpg 768w, https:\/\/teamgarage.ch\/wp-content\/uploads\/2021\/05\/20200629_081052-1536x1152.jpg 1536w, https:\/\/teamgarage.ch\/wp-content\/uploads\/2021\/05\/20200629_081052-2048x1536.jpg 2048w\" sizes=\"(max-width: 1024px) 100vw, 1024px\" \/><\/figure>\n\n\n\n<figure class=\"wp-block-image size-large\"><img loading=\"lazy\" width=\"1024\" height=\"768\" data-id=\"2868\"  src=\"https:\/\/teamgarage.ch\/wp-content\/uploads\/2021\/05\/20200122_160124-1024x768.jpg\" alt=\"\" class=\"wp-image-2868\" srcset=\"https:\/\/teamgarage.ch\/wp-content\/uploads\/2021\/05\/20200122_160124-1024x768.jpg 1024w, https:\/\/teamgarage.ch\/wp-content\/uploads\/2021\/05\/20200122_160124-300x225.jpg 300w, https:\/\/teamgarage.ch\/wp-content\/uploads\/2021\/05\/20200122_160124-768x576.jpg 768w, https:\/\/teamgarage.ch\/wp-content\/uploads\/2021\/05\/20200122_160124-1536x1152.jpg 1536w, https:\/\/teamgarage.ch\/wp-content\/uploads\/2021\/05\/20200122_160124-2048x1536.jpg 2048w\" sizes=\"(max-width: 1024px) 100vw, 1024px\" \/><\/figure>\n\n\n\n<figure class=\"wp-block-image size-large\"><img loading=\"lazy\" width=\"1024\" height=\"768\" data-id=\"2869\"  src=\"https:\/\/teamgarage.ch\/wp-content\/uploads\/2021\/05\/20190626_093550-1024x768.jpg\" alt=\"\" class=\"wp-image-2869\" srcset=\"https:\/\/teamgarage.ch\/wp-content\/uploads\/2021\/05\/20190626_093550-1024x768.jpg 1024w, https:\/\/teamgarage.ch\/wp-content\/uploads\/2021\/05\/20190626_093550-300x225.jpg 300w, https:\/\/teamgarage.ch\/wp-content\/uploads\/2021\/05\/20190626_093550-768x576.jpg 768w, https:\/\/teamgarage.ch\/wp-content\/uploads\/2021\/05\/20190626_093550-1536x1152.jpg 1536w, https:\/\/teamgarage.ch\/wp-content\/uploads\/2021\/05\/20190626_093550-2048x1536.jpg 2048w\" sizes=\"(max-width: 1024px) 100vw, 1024px\" \/><\/figure>\n\n\n\n<figure class=\"wp-block-image size-large\"><img loading=\"lazy\" width=\"1024\" height=\"768\" data-id=\"2870\"  src=\"https:\/\/teamgarage.ch\/wp-content\/uploads\/2021\/05\/20190623_142248-1024x768.jpg\" alt=\"\" class=\"wp-image-2870\" srcset=\"https:\/\/teamgarage.ch\/wp-content\/uploads\/2021\/05\/20190623_142248-1024x768.jpg 1024w, https:\/\/teamgarage.ch\/wp-content\/uploads\/2021\/05\/20190623_142248-300x225.jpg 300w, https:\/\/teamgarage.ch\/wp-content\/uploads\/2021\/05\/20190623_142248-768x576.jpg 768w, https:\/\/teamgarage.ch\/wp-content\/uploads\/2021\/05\/20190623_142248-1536x1152.jpg 1536w, https:\/\/teamgarage.ch\/wp-content\/uploads\/2021\/05\/20190623_142248-2048x1536.jpg 2048w\" sizes=\"(max-width: 1024px) 100vw, 1024px\" \/><\/figure>\n\n\n\n<figure class=\"wp-block-image size-large\"><img loading=\"lazy\" width=\"1024\" height=\"768\" data-id=\"2871\"  src=\"https:\/\/teamgarage.ch\/wp-content\/uploads\/2021\/05\/20190528_191948-1024x768.jpg\" alt=\"\" class=\"wp-image-2871\" srcset=\"https:\/\/teamgarage.ch\/wp-content\/uploads\/2021\/05\/20190528_191948-1024x768.jpg 1024w, https:\/\/teamgarage.ch\/wp-content\/uploads\/2021\/05\/20190528_191948-300x225.jpg 300w, https:\/\/teamgarage.ch\/wp-content\/uploads\/2021\/05\/20190528_191948-768x576.jpg 768w, https:\/\/teamgarage.ch\/wp-content\/uploads\/2021\/05\/20190528_191948-1536x1152.jpg 1536w, https:\/\/teamgarage.ch\/wp-content\/uploads\/2021\/05\/20190528_191948-2048x1536.jpg 2048w\" sizes=\"(max-width: 1024px) 100vw, 1024px\" \/><\/figure>\n\n\n\n<figure class=\"wp-block-image size-large\"><img loading=\"lazy\" width=\"1024\" height=\"768\" data-id=\"2872\"  src=\"https:\/\/teamgarage.ch\/wp-content\/uploads\/2021\/05\/20190525_081416-1024x768.jpg\" alt=\"\" class=\"wp-image-2872\" srcset=\"https:\/\/teamgarage.ch\/wp-content\/uploads\/2021\/05\/20190525_081416-1024x768.jpg 1024w, https:\/\/teamgarage.ch\/wp-content\/uploads\/2021\/05\/20190525_081416-300x225.jpg 300w, https:\/\/teamgarage.ch\/wp-content\/uploads\/2021\/05\/20190525_081416-768x576.jpg 768w, https:\/\/teamgarage.ch\/wp-content\/uploads\/2021\/05\/20190525_081416-1536x1152.jpg 1536w, https:\/\/teamgarage.ch\/wp-content\/uploads\/2021\/05\/20190525_081416-2048x1536.jpg 2048w\" sizes=\"(max-width: 1024px) 100vw, 1024px\" \/><\/figure>\n<\/figure>\n","protected":false},"excerpt":{"rendered":"<p>Vielmals wird unter Service, nur ein \u00d6l-Wechsel sowie \u00d6l-Filter wechsel gemeint. Doch ein Service beinhaltet viel mehr als das. Wir zeigen anhand einer Aufstellung auf, was ein Service beinhaltet: Karosserie waschen gratis Innenraum reinigen gratis 2 Probefahrten \u00e0 ca 8 km 25.- Spurkontrolle mit Spur-Platte 25.- Bei Abweichungen Spur einstellen 45.- Lichterfunktionskontrolle gratis Scheinwerfer Einstellung kontrollieren gratis Scheinwerfer einstellen 25.- Batterie-Test 20.- Wenn n\u00f6tig, Batterie laden 15.- Kontrolle des Fehlerspeichers mit Testger\u00e4t, Servicer\u00fcckstellung 38.- Kontrolle Scheibenbremsen vorne + hinten 35.- Kontrolle Scheibenbremsen vorne, Trommelbremsen hinten 75.- Wartungsdienst inkl. Oel und Oelfilter ersetzen 160.- Alle Preise in CHF und exkl. MwSt&#8230;. <\/p>\n","protected":false},"author":1,"featured_media":14,"parent":0,"menu_order":0,"comment_status":"closed","ping_status":"closed","template":"template-parts\/page-template-full-width.php","meta":[],"_links":{"self":[{"href":"https:\/\/teamgarage.ch\/index.php\/wp-json\/wp\/v2\/pages\/1737"}],"collection":[{"href":"https:\/\/teamgarage.ch\/index.php\/wp-json\/wp\/v2\/pages"}],"about":[{"href":"https:\/\/teamgarage.ch\/index.php\/wp-json\/wp\/v2\/types\/page"}],"author":[{"embeddable":true,"href":"https:\/\/teamgarage.ch\/index.php\/wp-json\/wp\/v2\/users\/1"}],"replies":[{"embeddable":true,"href":"https:\/\/teamgarage.ch\/index.php\/wp-json\/wp\/v2\/comments?post=1737"}],"version-history":[{"count":9,"href":"https:\/\/teamgarage.ch\/index.php\/wp-json\/wp\/v2\/pages\/1737\/revisions"}],"predecessor-version":[{"id":3203,"href":"https:\/\/teamgarage.ch\/index.php\/wp-json\/wp\/v2\/pages\/1737\/revisions\/3203"}],"wp:featuredmedia":[{"embeddable":true,"href":"https:\/\/teamgarage.ch\/index.php\/wp-json\/wp\/v2\/media\/14"}],"wp:attachment":[{"href":"https:\/\/teamgarage.ch\/index.php\/wp-json\/wp\/v2\/media?parent=1737"}],"curies":[{"name":"wp","href":"https:\/\/api.w.org\/{rel}","templated":true}]}}