{"id":1531,"date":"2020-08-21T20:19:30","date_gmt":"2020-08-21T20:19:30","guid":{"rendered":"https:\/\/teamgarage.ch\/?page_id=1531"},"modified":"2023-01-07T10:28:53","modified_gmt":"2023-01-07T10:28:53","slug":"reifen-und-raederservice","status":"publish","type":"page","link":"https:\/\/teamgarage.ch\/index.php\/reifen-und-raederservice\/","title":{"rendered":"R\u00e4der- und Reifenservice"},"content":{"rendered":"\n<figure class=\"wp-block-image size-large\"><img loading=\"lazy\" width=\"645\" height=\"484\" src=\"https:\/\/teamgarage.ch\/wp-content\/uploads\/2020\/10\/20201004_001643.jpg\" alt=\"\" class=\"wp-image-1949\" srcset=\"https:\/\/teamgarage.ch\/wp-content\/uploads\/2020\/10\/20201004_001643.jpg 645w, https:\/\/teamgarage.ch\/wp-content\/uploads\/2020\/10\/20201004_001643-300x225.jpg 300w\" sizes=\"(max-width: 645px) 100vw, 645px\" \/><\/figure>\n\n\n\n<ul><li>Zu Ihrer Sicherheit bieten wir ausschlie\u00dflich Markenreifen an und montieren diese fachm\u00e4nnisch.<\/li><li>Recycling und nachhaltige Wiederverwertung der Rohstoffe ist wichtig. Unsere Altreifen werden korrekt von der <a href=\"http:\/\/www.rubbertec.ch\">Firma Rubbertec<\/a> entsorgt. <\/li><li>Da wir unsere Reifen \u00fcber einen Schweizer Lieferanten beziehen, ist sichergestellt wo die Reifen herkommen und wer bei allf\u00e4lligen Sch\u00e4den f\u00fcr die unkomplizierte Garantieabwicklung zust\u00e4ndig ist. Wir beziehen unsere Reifen \u00fcber die <a href=\"https:\/\/www.derendinger.ch\/\">Firma Derendinger<\/a> der <a href=\"https:\/\/www.sag-ag.ch\/\">swiss automotive group (SAG Group)<\/a>.<\/li><li>F\u00fcr unsere Kunden, welche auch die Reifen bei uns kaufen, bieten wir das Reifenhotel kostenlos an.<\/li><li><strong>Perfekte Winterausr\u00fcstung, dass ihnen der Winter Spass macht auf der Strasse wie mir.<\/strong><\/li><\/ul>\n\n\n\n<figure class=\"wp-container-2 wp-block-gallery-1 wp-block-gallery has-nested-images columns-default is-cropped\">\n<figure class=\"wp-block-image size-large\"><img loading=\"lazy\" width=\"1024\" height=\"641\" data-id=\"1964\"  src=\"https:\/\/teamgarage.ch\/wp-content\/uploads\/2020\/10\/Bild-18-1-1024x641.jpg\" alt=\"\" class=\"wp-image-1964\" srcset=\"https:\/\/teamgarage.ch\/wp-content\/uploads\/2020\/10\/Bild-18-1-1024x641.jpg 1024w, https:\/\/teamgarage.ch\/wp-content\/uploads\/2020\/10\/Bild-18-1-300x188.jpg 300w, https:\/\/teamgarage.ch\/wp-content\/uploads\/2020\/10\/Bild-18-1-768x481.jpg 768w, https:\/\/teamgarage.ch\/wp-content\/uploads\/2020\/10\/Bild-18-1-1536x961.jpg 1536w, https:\/\/teamgarage.ch\/wp-content\/uploads\/2020\/10\/Bild-18-1-2048x1281.jpg 2048w\" sizes=\"(max-width: 1024px) 100vw, 1024px\" \/><\/figure>\n\n\n\n<figure class=\"wp-block-image size-large\"><img loading=\"lazy\" width=\"735\" height=\"1024\" data-id=\"1965\"  src=\"https:\/\/teamgarage.ch\/wp-content\/uploads\/2020\/10\/Bild-19-735x1024.jpg\" alt=\"\" class=\"wp-image-1965\" srcset=\"https:\/\/teamgarage.ch\/wp-content\/uploads\/2020\/10\/Bild-19-735x1024.jpg 735w, https:\/\/teamgarage.ch\/wp-content\/uploads\/2020\/10\/Bild-19-215x300.jpg 215w, https:\/\/teamgarage.ch\/wp-content\/uploads\/2020\/10\/Bild-19-768x1069.jpg 768w, https:\/\/teamgarage.ch\/wp-content\/uploads\/2020\/10\/Bild-19-1103x1536.jpg 1103w, https:\/\/teamgarage.ch\/wp-content\/uploads\/2020\/10\/Bild-19.jpg 1371w\" sizes=\"(max-width: 735px) 100vw, 735px\" \/><\/figure>\n\n\n\n<figure class=\"wp-block-image size-large\"><img loading=\"lazy\" width=\"1024\" height=\"678\" data-id=\"1966\"  src=\"https:\/\/teamgarage.ch\/wp-content\/uploads\/2020\/10\/Bild-20-1024x678.jpg\" alt=\"\" class=\"wp-image-1966\" srcset=\"https:\/\/teamgarage.ch\/wp-content\/uploads\/2020\/10\/Bild-20-1024x678.jpg 1024w, https:\/\/teamgarage.ch\/wp-content\/uploads\/2020\/10\/Bild-20-300x199.jpg 300w, https:\/\/teamgarage.ch\/wp-content\/uploads\/2020\/10\/Bild-20-768x509.jpg 768w, https:\/\/teamgarage.ch\/wp-content\/uploads\/2020\/10\/Bild-20-1536x1017.jpg 1536w, https:\/\/teamgarage.ch\/wp-content\/uploads\/2020\/10\/Bild-20-2048x1356.jpg 2048w\" sizes=\"(max-width: 1024px) 100vw, 1024px\" \/><\/figure>\n\n\n\n<figure class=\"wp-block-image size-large\"><img loading=\"lazy\" width=\"1024\" height=\"819\" data-id=\"1967\"  src=\"https:\/\/teamgarage.ch\/wp-content\/uploads\/2020\/10\/Bild-21-1024x819.jpg\" alt=\"\" class=\"wp-image-1967\" srcset=\"https:\/\/teamgarage.ch\/wp-content\/uploads\/2020\/10\/Bild-21-1024x819.jpg 1024w, https:\/\/teamgarage.ch\/wp-content\/uploads\/2020\/10\/Bild-21-300x240.jpg 300w, https:\/\/teamgarage.ch\/wp-content\/uploads\/2020\/10\/Bild-21-768x614.jpg 768w, https:\/\/teamgarage.ch\/wp-content\/uploads\/2020\/10\/Bild-21-1536x1228.jpg 1536w, https:\/\/teamgarage.ch\/wp-content\/uploads\/2020\/10\/Bild-21.jpg 1839w\" sizes=\"(max-width: 1024px) 100vw, 1024px\" \/><\/figure>\n<\/figure>\n\n\n\n<figure class=\"wp-block-table\"><table><tbody><tr><td>Pneu auf Felge montieren pro Pneu<\/td><td>9.-<\/td><\/tr><tr><td>Radwechsel pro Rad<\/td><td>9.-<\/td><\/tr><tr><td>Rad auswuchten Stahlfelgen pro Rad<\/td><td>9.-<\/td><\/tr><tr><td>Rad auswuchten Alufelgen pro Rad<\/td><td>11.50.-<\/td><\/tr><tr><td>Altpneu entsorgen pro Pneu<\/td><td>5.50.-<\/td><\/tr><\/tbody><\/table><figcaption>Alle Preise in CHF exkl. MwSt<\/figcaption><\/figure>\n\n\n\n<figure class=\"wp-container-4 wp-block-gallery-3 wp-block-gallery has-nested-images columns-default is-cropped\">\n<figure class=\"wp-block-image size-large\"><img loading=\"lazy\" width=\"576\" height=\"1024\" data-id=\"1589\"  src=\"https:\/\/teamgarage.ch\/wp-content\/uploads\/2020\/08\/IMG-20200712-WA0060-576x1024.jpg\" alt=\"\" class=\"wp-image-1589\" srcset=\"https:\/\/teamgarage.ch\/wp-content\/uploads\/2020\/08\/IMG-20200712-WA0060-576x1024.jpg 576w, https:\/\/teamgarage.ch\/wp-content\/uploads\/2020\/08\/IMG-20200712-WA0060-169x300.jpg 169w, https:\/\/teamgarage.ch\/wp-content\/uploads\/2020\/08\/IMG-20200712-WA0060-768x1365.jpg 768w, https:\/\/teamgarage.ch\/wp-content\/uploads\/2020\/08\/IMG-20200712-WA0060-864x1536.jpg 864w, https:\/\/teamgarage.ch\/wp-content\/uploads\/2020\/08\/IMG-20200712-WA0060.jpg 1152w\" sizes=\"(max-width: 576px) 100vw, 576px\" \/><figcaption>Alufelgen mit Speziallackierung<\/figcaption><\/figure>\n\n\n\n<figure class=\"wp-block-image size-large\"><img loading=\"lazy\" width=\"576\" height=\"1024\" data-id=\"1590\"  src=\"https:\/\/teamgarage.ch\/wp-content\/uploads\/2020\/08\/IMG-20200712-WA0061-576x1024.jpg\" alt=\"\" class=\"wp-image-1590\" srcset=\"https:\/\/teamgarage.ch\/wp-content\/uploads\/2020\/08\/IMG-20200712-WA0061-576x1024.jpg 576w, https:\/\/teamgarage.ch\/wp-content\/uploads\/2020\/08\/IMG-20200712-WA0061-169x300.jpg 169w, https:\/\/teamgarage.ch\/wp-content\/uploads\/2020\/08\/IMG-20200712-WA0061-768x1365.jpg 768w, https:\/\/teamgarage.ch\/wp-content\/uploads\/2020\/08\/IMG-20200712-WA0061-864x1536.jpg 864w, https:\/\/teamgarage.ch\/wp-content\/uploads\/2020\/08\/IMG-20200712-WA0061.jpg 1152w\" sizes=\"(max-width: 576px) 100vw, 576px\" \/><figcaption>Alufelgen mit Speziallackierung<\/figcaption><\/figure>\n\n\n\n<figure class=\"wp-block-image size-large\"><img loading=\"lazy\" width=\"768\" height=\"1024\" data-id=\"1554\"  src=\"https:\/\/teamgarage.ch\/wp-content\/uploads\/2020\/08\/IMG_20200725_151032-768x1024.jpg\" alt=\"\" class=\"wp-image-1554\" srcset=\"https:\/\/teamgarage.ch\/wp-content\/uploads\/2020\/08\/IMG_20200725_151032-768x1024.jpg 768w, https:\/\/teamgarage.ch\/wp-content\/uploads\/2020\/08\/IMG_20200725_151032-225x300.jpg 225w, https:\/\/teamgarage.ch\/wp-content\/uploads\/2020\/08\/IMG_20200725_151032-1152x1536.jpg 1152w, https:\/\/teamgarage.ch\/wp-content\/uploads\/2020\/08\/IMG_20200725_151032-1536x2048.jpg 1536w, https:\/\/teamgarage.ch\/wp-content\/uploads\/2020\/08\/IMG_20200725_151032-scaled.jpg 1920w\" sizes=\"(max-width: 768px) 100vw, 768px\" \/><figcaption>Reifenhotel<\/figcaption><\/figure>\n<\/figure>\n\n\n\n<figure class=\"wp-container-6 wp-block-gallery-5 wp-block-gallery has-nested-images columns-default is-cropped\">\n<figure class=\"wp-block-image size-large\"><img loading=\"lazy\" width=\"1024\" height=\"768\" data-id=\"2818\"  src=\"https:\/\/teamgarage.ch\/wp-content\/uploads\/2021\/05\/20210514_104515-1-1024x768.jpg\" alt=\"\" class=\"wp-image-2818\" srcset=\"https:\/\/teamgarage.ch\/wp-content\/uploads\/2021\/05\/20210514_104515-1-1024x768.jpg 1024w, https:\/\/teamgarage.ch\/wp-content\/uploads\/2021\/05\/20210514_104515-1-300x225.jpg 300w, https:\/\/teamgarage.ch\/wp-content\/uploads\/2021\/05\/20210514_104515-1-768x576.jpg 768w, https:\/\/teamgarage.ch\/wp-content\/uploads\/2021\/05\/20210514_104515-1-1536x1152.jpg 1536w, https:\/\/teamgarage.ch\/wp-content\/uploads\/2021\/05\/20210514_104515-1-2048x1536.jpg 2048w\" sizes=\"(max-width: 1024px) 100vw, 1024px\" \/><\/figure>\n\n\n\n<figure class=\"wp-block-image size-large\"><img loading=\"lazy\" width=\"1024\" height=\"768\" data-id=\"2819\"  src=\"https:\/\/teamgarage.ch\/wp-content\/uploads\/2021\/05\/20210514_104503-1-1024x768.jpg\" alt=\"\" class=\"wp-image-2819\" srcset=\"https:\/\/teamgarage.ch\/wp-content\/uploads\/2021\/05\/20210514_104503-1-1024x768.jpg 1024w, https:\/\/teamgarage.ch\/wp-content\/uploads\/2021\/05\/20210514_104503-1-300x225.jpg 300w, https:\/\/teamgarage.ch\/wp-content\/uploads\/2021\/05\/20210514_104503-1-768x576.jpg 768w, https:\/\/teamgarage.ch\/wp-content\/uploads\/2021\/05\/20210514_104503-1-1536x1152.jpg 1536w, https:\/\/teamgarage.ch\/wp-content\/uploads\/2021\/05\/20210514_104503-1-2048x1536.jpg 2048w\" sizes=\"(max-width: 1024px) 100vw, 1024px\" \/><\/figure>\n\n\n\n<figure class=\"wp-block-image size-large\"><img loading=\"lazy\" width=\"1024\" height=\"768\" data-id=\"2820\"  src=\"https:\/\/teamgarage.ch\/wp-content\/uploads\/2021\/05\/20210514_104457-1-1024x768.jpg\" alt=\"\" class=\"wp-image-2820\" srcset=\"https:\/\/teamgarage.ch\/wp-content\/uploads\/2021\/05\/20210514_104457-1-1024x768.jpg 1024w, https:\/\/teamgarage.ch\/wp-content\/uploads\/2021\/05\/20210514_104457-1-300x225.jpg 300w, https:\/\/teamgarage.ch\/wp-content\/uploads\/2021\/05\/20210514_104457-1-768x576.jpg 768w, https:\/\/teamgarage.ch\/wp-content\/uploads\/2021\/05\/20210514_104457-1-1536x1152.jpg 1536w, https:\/\/teamgarage.ch\/wp-content\/uploads\/2021\/05\/20210514_104457-1-2048x1536.jpg 2048w\" sizes=\"(max-width: 1024px) 100vw, 1024px\" \/><\/figure>\n\n\n\n<figure class=\"wp-block-image size-large\"><img loading=\"lazy\" width=\"1024\" height=\"768\" data-id=\"2821\"  src=\"https:\/\/teamgarage.ch\/wp-content\/uploads\/2021\/05\/20210426_194402-1024x768.jpg\" alt=\"\" class=\"wp-image-2821\" srcset=\"https:\/\/teamgarage.ch\/wp-content\/uploads\/2021\/05\/20210426_194402-1024x768.jpg 1024w, https:\/\/teamgarage.ch\/wp-content\/uploads\/2021\/05\/20210426_194402-300x225.jpg 300w, https:\/\/teamgarage.ch\/wp-content\/uploads\/2021\/05\/20210426_194402-768x576.jpg 768w, https:\/\/teamgarage.ch\/wp-content\/uploads\/2021\/05\/20210426_194402-1536x1152.jpg 1536w, https:\/\/teamgarage.ch\/wp-content\/uploads\/2021\/05\/20210426_194402-2048x1536.jpg 2048w\" sizes=\"(max-width: 1024px) 100vw, 1024px\" \/><\/figure>\n\n\n\n<figure class=\"wp-block-image size-large\"><img loading=\"lazy\" width=\"1024\" height=\"768\" data-id=\"2822\"  src=\"https:\/\/teamgarage.ch\/wp-content\/uploads\/2021\/05\/20210426_194337-1024x768.jpg\" alt=\"\" class=\"wp-image-2822\" srcset=\"https:\/\/teamgarage.ch\/wp-content\/uploads\/2021\/05\/20210426_194337-1024x768.jpg 1024w, https:\/\/teamgarage.ch\/wp-content\/uploads\/2021\/05\/20210426_194337-300x225.jpg 300w, https:\/\/teamgarage.ch\/wp-content\/uploads\/2021\/05\/20210426_194337-768x576.jpg 768w, https:\/\/teamgarage.ch\/wp-content\/uploads\/2021\/05\/20210426_194337-1536x1152.jpg 1536w, https:\/\/teamgarage.ch\/wp-content\/uploads\/2021\/05\/20210426_194337-2048x1536.jpg 2048w\" sizes=\"(max-width: 1024px) 100vw, 1024px\" \/><\/figure>\n\n\n\n<figure class=\"wp-block-image size-large\"><img loading=\"lazy\" width=\"1024\" height=\"768\" data-id=\"2823\"  src=\"https:\/\/teamgarage.ch\/wp-content\/uploads\/2021\/05\/20210426_194258-1024x768.jpg\" alt=\"\" class=\"wp-image-2823\" srcset=\"https:\/\/teamgarage.ch\/wp-content\/uploads\/2021\/05\/20210426_194258-1024x768.jpg 1024w, https:\/\/teamgarage.ch\/wp-content\/uploads\/2021\/05\/20210426_194258-300x225.jpg 300w, https:\/\/teamgarage.ch\/wp-content\/uploads\/2021\/05\/20210426_194258-768x576.jpg 768w, https:\/\/teamgarage.ch\/wp-content\/uploads\/2021\/05\/20210426_194258-1536x1152.jpg 1536w, https:\/\/teamgarage.ch\/wp-content\/uploads\/2021\/05\/20210426_194258-2048x1536.jpg 2048w\" sizes=\"(max-width: 1024px) 100vw, 1024px\" \/><\/figure>\n\n\n\n<figure class=\"wp-block-image size-large\"><img loading=\"lazy\" width=\"1024\" height=\"768\" data-id=\"2824\"  src=\"https:\/\/teamgarage.ch\/wp-content\/uploads\/2021\/05\/20210512_165104-1-1024x768.jpg\" alt=\"\" class=\"wp-image-2824\" srcset=\"https:\/\/teamgarage.ch\/wp-content\/uploads\/2021\/05\/20210512_165104-1-1024x768.jpg 1024w, https:\/\/teamgarage.ch\/wp-content\/uploads\/2021\/05\/20210512_165104-1-300x225.jpg 300w, https:\/\/teamgarage.ch\/wp-content\/uploads\/2021\/05\/20210512_165104-1-768x576.jpg 768w, https:\/\/teamgarage.ch\/wp-content\/uploads\/2021\/05\/20210512_165104-1-1536x1152.jpg 1536w, https:\/\/teamgarage.ch\/wp-content\/uploads\/2021\/05\/20210512_165104-1-2048x1536.jpg 2048w\" sizes=\"(max-width: 1024px) 100vw, 1024px\" \/><\/figure>\n\n\n\n<figure class=\"wp-block-image size-large\"><img loading=\"lazy\" width=\"1024\" height=\"768\" data-id=\"2825\"  src=\"https:\/\/teamgarage.ch\/wp-content\/uploads\/2021\/05\/20210508_130511-1024x768.jpg\" alt=\"\" class=\"wp-image-2825\" srcset=\"https:\/\/teamgarage.ch\/wp-content\/uploads\/2021\/05\/20210508_130511-1024x768.jpg 1024w, https:\/\/teamgarage.ch\/wp-content\/uploads\/2021\/05\/20210508_130511-300x225.jpg 300w, https:\/\/teamgarage.ch\/wp-content\/uploads\/2021\/05\/20210508_130511-768x576.jpg 768w, https:\/\/teamgarage.ch\/wp-content\/uploads\/2021\/05\/20210508_130511-1536x1152.jpg 1536w, https:\/\/teamgarage.ch\/wp-content\/uploads\/2021\/05\/20210508_130511-2048x1536.jpg 2048w\" sizes=\"(max-width: 1024px) 100vw, 1024px\" \/><\/figure>\n\n\n\n<figure class=\"wp-block-image size-large\"><img loading=\"lazy\" width=\"1024\" height=\"576\" data-id=\"2826\"  src=\"https:\/\/teamgarage.ch\/wp-content\/uploads\/2021\/05\/IMG-20210507-WA0014-1024x576.jpg\" alt=\"\" class=\"wp-image-2826\" srcset=\"https:\/\/teamgarage.ch\/wp-content\/uploads\/2021\/05\/IMG-20210507-WA0014-1024x576.jpg 1024w, https:\/\/teamgarage.ch\/wp-content\/uploads\/2021\/05\/IMG-20210507-WA0014-300x169.jpg 300w, https:\/\/teamgarage.ch\/wp-content\/uploads\/2021\/05\/IMG-20210507-WA0014-768x432.jpg 768w, https:\/\/teamgarage.ch\/wp-content\/uploads\/2021\/05\/IMG-20210507-WA0014-1536x863.jpg 1536w, https:\/\/teamgarage.ch\/wp-content\/uploads\/2021\/05\/IMG-20210507-WA0014.jpg 2048w\" sizes=\"(max-width: 1024px) 100vw, 1024px\" \/><\/figure>\n<\/figure>\n\n\n\n<figure class=\"wp-container-8 wp-block-gallery-7 wp-block-gallery has-nested-images columns-default is-cropped\">\n<figure class=\"wp-block-image size-large\"><img loading=\"lazy\" width=\"1024\" height=\"768\" data-id=\"2835\"  src=\"https:\/\/teamgarage.ch\/wp-content\/uploads\/2021\/05\/20210331_122008-1024x768.jpg\" alt=\"\" class=\"wp-image-2835\" srcset=\"https:\/\/teamgarage.ch\/wp-content\/uploads\/2021\/05\/20210331_122008-1024x768.jpg 1024w, https:\/\/teamgarage.ch\/wp-content\/uploads\/2021\/05\/20210331_122008-300x225.jpg 300w, https:\/\/teamgarage.ch\/wp-content\/uploads\/2021\/05\/20210331_122008-768x576.jpg 768w, https:\/\/teamgarage.ch\/wp-content\/uploads\/2021\/05\/20210331_122008-1536x1152.jpg 1536w, https:\/\/teamgarage.ch\/wp-content\/uploads\/2021\/05\/20210331_122008-2048x1536.jpg 2048w\" sizes=\"(max-width: 1024px) 100vw, 1024px\" \/><\/figure>\n\n\n\n<figure class=\"wp-block-image size-large\"><img loading=\"lazy\" width=\"1024\" height=\"768\" data-id=\"2836\"  src=\"https:\/\/teamgarage.ch\/wp-content\/uploads\/2021\/05\/20210329_192523-1024x768.jpg\" alt=\"\" class=\"wp-image-2836\" srcset=\"https:\/\/teamgarage.ch\/wp-content\/uploads\/2021\/05\/20210329_192523-1024x768.jpg 1024w, https:\/\/teamgarage.ch\/wp-content\/uploads\/2021\/05\/20210329_192523-300x225.jpg 300w, https:\/\/teamgarage.ch\/wp-content\/uploads\/2021\/05\/20210329_192523-768x576.jpg 768w, https:\/\/teamgarage.ch\/wp-content\/uploads\/2021\/05\/20210329_192523-1536x1152.jpg 1536w, https:\/\/teamgarage.ch\/wp-content\/uploads\/2021\/05\/20210329_192523-2048x1536.jpg 2048w\" sizes=\"(max-width: 1024px) 100vw, 1024px\" \/><\/figure>\n\n\n\n<figure class=\"wp-block-image size-large\"><img loading=\"lazy\" width=\"1024\" height=\"768\" data-id=\"2837\"  src=\"https:\/\/teamgarage.ch\/wp-content\/uploads\/2021\/05\/20210329_191155-1024x768.jpg\" alt=\"\" class=\"wp-image-2837\" srcset=\"https:\/\/teamgarage.ch\/wp-content\/uploads\/2021\/05\/20210329_191155-1024x768.jpg 1024w, https:\/\/teamgarage.ch\/wp-content\/uploads\/2021\/05\/20210329_191155-300x225.jpg 300w, https:\/\/teamgarage.ch\/wp-content\/uploads\/2021\/05\/20210329_191155-768x576.jpg 768w, https:\/\/teamgarage.ch\/wp-content\/uploads\/2021\/05\/20210329_191155-1536x1152.jpg 1536w, https:\/\/teamgarage.ch\/wp-content\/uploads\/2021\/05\/20210329_191155-2048x1536.jpg 2048w\" sizes=\"(max-width: 1024px) 100vw, 1024px\" \/><\/figure>\n\n\n\n<figure class=\"wp-block-image size-large\"><img loading=\"lazy\" width=\"1024\" height=\"768\" data-id=\"2838\"  src=\"https:\/\/teamgarage.ch\/wp-content\/uploads\/2021\/05\/20210324_183437-1024x768.jpg\" alt=\"\" class=\"wp-image-2838\" srcset=\"https:\/\/teamgarage.ch\/wp-content\/uploads\/2021\/05\/20210324_183437-1024x768.jpg 1024w, https:\/\/teamgarage.ch\/wp-content\/uploads\/2021\/05\/20210324_183437-300x225.jpg 300w, https:\/\/teamgarage.ch\/wp-content\/uploads\/2021\/05\/20210324_183437-768x576.jpg 768w, https:\/\/teamgarage.ch\/wp-content\/uploads\/2021\/05\/20210324_183437-1536x1152.jpg 1536w, https:\/\/teamgarage.ch\/wp-content\/uploads\/2021\/05\/20210324_183437-2048x1536.jpg 2048w\" sizes=\"(max-width: 1024px) 100vw, 1024px\" \/><\/figure>\n\n\n\n<figure class=\"wp-block-image size-large\"><img loading=\"lazy\" width=\"1024\" height=\"768\" data-id=\"2839\"  src=\"https:\/\/teamgarage.ch\/wp-content\/uploads\/2021\/05\/20210204_090815-1024x768.jpg\" alt=\"\" class=\"wp-image-2839\" srcset=\"https:\/\/teamgarage.ch\/wp-content\/uploads\/2021\/05\/20210204_090815-1024x768.jpg 1024w, https:\/\/teamgarage.ch\/wp-content\/uploads\/2021\/05\/20210204_090815-300x225.jpg 300w, https:\/\/teamgarage.ch\/wp-content\/uploads\/2021\/05\/20210204_090815-768x576.jpg 768w, https:\/\/teamgarage.ch\/wp-content\/uploads\/2021\/05\/20210204_090815-1536x1152.jpg 1536w, https:\/\/teamgarage.ch\/wp-content\/uploads\/2021\/05\/20210204_090815-2048x1536.jpg 2048w\" sizes=\"(max-width: 1024px) 100vw, 1024px\" \/><\/figure>\n\n\n\n<figure class=\"wp-block-image size-large\"><img loading=\"lazy\" width=\"1024\" height=\"768\" data-id=\"2840\"  src=\"https:\/\/teamgarage.ch\/wp-content\/uploads\/2021\/05\/20201112_145633-1024x768.jpg\" alt=\"\" class=\"wp-image-2840\" srcset=\"https:\/\/teamgarage.ch\/wp-content\/uploads\/2021\/05\/20201112_145633-1024x768.jpg 1024w, https:\/\/teamgarage.ch\/wp-content\/uploads\/2021\/05\/20201112_145633-300x225.jpg 300w, https:\/\/teamgarage.ch\/wp-content\/uploads\/2021\/05\/20201112_145633-768x576.jpg 768w, https:\/\/teamgarage.ch\/wp-content\/uploads\/2021\/05\/20201112_145633-1536x1152.jpg 1536w, https:\/\/teamgarage.ch\/wp-content\/uploads\/2021\/05\/20201112_145633-2048x1536.jpg 2048w\" sizes=\"(max-width: 1024px) 100vw, 1024px\" \/><\/figure>\n\n\n\n<figure class=\"wp-block-image size-large\"><img loading=\"lazy\" width=\"1024\" height=\"768\" data-id=\"2841\"  src=\"https:\/\/teamgarage.ch\/wp-content\/uploads\/2021\/05\/20200825_184859-1024x768.jpg\" alt=\"\" class=\"wp-image-2841\" srcset=\"https:\/\/teamgarage.ch\/wp-content\/uploads\/2021\/05\/20200825_184859-1024x768.jpg 1024w, https:\/\/teamgarage.ch\/wp-content\/uploads\/2021\/05\/20200825_184859-300x225.jpg 300w, https:\/\/teamgarage.ch\/wp-content\/uploads\/2021\/05\/20200825_184859-768x576.jpg 768w, https:\/\/teamgarage.ch\/wp-content\/uploads\/2021\/05\/20200825_184859-1536x1152.jpg 1536w, https:\/\/teamgarage.ch\/wp-content\/uploads\/2021\/05\/20200825_184859-2048x1536.jpg 2048w\" sizes=\"(max-width: 1024px) 100vw, 1024px\" \/><\/figure>\n\n\n\n<figure class=\"wp-block-image size-large\"><img loading=\"lazy\" width=\"1024\" height=\"768\" data-id=\"2842\"  src=\"https:\/\/teamgarage.ch\/wp-content\/uploads\/2021\/05\/20200813_181537-1024x768.jpg\" alt=\"\" class=\"wp-image-2842\" srcset=\"https:\/\/teamgarage.ch\/wp-content\/uploads\/2021\/05\/20200813_181537-1024x768.jpg 1024w, https:\/\/teamgarage.ch\/wp-content\/uploads\/2021\/05\/20200813_181537-300x225.jpg 300w, https:\/\/teamgarage.ch\/wp-content\/uploads\/2021\/05\/20200813_181537-768x576.jpg 768w, https:\/\/teamgarage.ch\/wp-content\/uploads\/2021\/05\/20200813_181537-1536x1152.jpg 1536w, https:\/\/teamgarage.ch\/wp-content\/uploads\/2021\/05\/20200813_181537-2048x1536.jpg 2048w\" sizes=\"(max-width: 1024px) 100vw, 1024px\" \/><\/figure>\n\n\n\n<figure class=\"wp-block-image size-large\"><img loading=\"lazy\" width=\"1024\" height=\"768\" data-id=\"2843\"  src=\"https:\/\/teamgarage.ch\/wp-content\/uploads\/2021\/05\/20200411_165549-1024x768.jpg\" alt=\"\" class=\"wp-image-2843\" srcset=\"https:\/\/teamgarage.ch\/wp-content\/uploads\/2021\/05\/20200411_165549-1024x768.jpg 1024w, https:\/\/teamgarage.ch\/wp-content\/uploads\/2021\/05\/20200411_165549-300x225.jpg 300w, https:\/\/teamgarage.ch\/wp-content\/uploads\/2021\/05\/20200411_165549-768x576.jpg 768w, https:\/\/teamgarage.ch\/wp-content\/uploads\/2021\/05\/20200411_165549-1536x1152.jpg 1536w, https:\/\/teamgarage.ch\/wp-content\/uploads\/2021\/05\/20200411_165549-2048x1536.jpg 2048w\" sizes=\"(max-width: 1024px) 100vw, 1024px\" \/><\/figure>\n\n\n\n<figure class=\"wp-block-image size-large\"><img loading=\"lazy\" width=\"1024\" height=\"768\" data-id=\"2844\"  src=\"https:\/\/teamgarage.ch\/wp-content\/uploads\/2021\/05\/20200411_162447-1024x768.jpg\" alt=\"\" class=\"wp-image-2844\" srcset=\"https:\/\/teamgarage.ch\/wp-content\/uploads\/2021\/05\/20200411_162447-1024x768.jpg 1024w, https:\/\/teamgarage.ch\/wp-content\/uploads\/2021\/05\/20200411_162447-300x225.jpg 300w, https:\/\/teamgarage.ch\/wp-content\/uploads\/2021\/05\/20200411_162447-768x576.jpg 768w, https:\/\/teamgarage.ch\/wp-content\/uploads\/2021\/05\/20200411_162447-1536x1152.jpg 1536w, https:\/\/teamgarage.ch\/wp-content\/uploads\/2021\/05\/20200411_162447-2048x1536.jpg 2048w\" sizes=\"(max-width: 1024px) 100vw, 1024px\" \/><\/figure>\n\n\n\n<figure class=\"wp-block-image size-large\"><img loading=\"lazy\" width=\"1024\" height=\"768\" data-id=\"2845\"  src=\"https:\/\/teamgarage.ch\/wp-content\/uploads\/2021\/05\/20190726_073810-1024x768.jpg\" alt=\"\" class=\"wp-image-2845\" srcset=\"https:\/\/teamgarage.ch\/wp-content\/uploads\/2021\/05\/20190726_073810-1024x768.jpg 1024w, https:\/\/teamgarage.ch\/wp-content\/uploads\/2021\/05\/20190726_073810-300x225.jpg 300w, https:\/\/teamgarage.ch\/wp-content\/uploads\/2021\/05\/20190726_073810-768x576.jpg 768w, https:\/\/teamgarage.ch\/wp-content\/uploads\/2021\/05\/20190726_073810-1536x1152.jpg 1536w, https:\/\/teamgarage.ch\/wp-content\/uploads\/2021\/05\/20190726_073810-2048x1536.jpg 2048w\" sizes=\"(max-width: 1024px) 100vw, 1024px\" \/><\/figure>\n\n\n\n<figure class=\"wp-block-image size-large\"><img loading=\"lazy\" width=\"1024\" height=\"768\" data-id=\"2846\"  src=\"https:\/\/teamgarage.ch\/wp-content\/uploads\/2021\/05\/20190618_162756-1024x768.jpg\" alt=\"\" class=\"wp-image-2846\" srcset=\"https:\/\/teamgarage.ch\/wp-content\/uploads\/2021\/05\/20190618_162756-1024x768.jpg 1024w, https:\/\/teamgarage.ch\/wp-content\/uploads\/2021\/05\/20190618_162756-300x225.jpg 300w, https:\/\/teamgarage.ch\/wp-content\/uploads\/2021\/05\/20190618_162756-768x576.jpg 768w, https:\/\/teamgarage.ch\/wp-content\/uploads\/2021\/05\/20190618_162756-1536x1152.jpg 1536w, https:\/\/teamgarage.ch\/wp-content\/uploads\/2021\/05\/20190618_162756-2048x1536.jpg 2048w\" sizes=\"(max-width: 1024px) 100vw, 1024px\" \/><\/figure>\n\n\n\n<figure class=\"wp-block-image size-large\"><img loading=\"lazy\" width=\"1024\" height=\"768\" data-id=\"2847\"  src=\"https:\/\/teamgarage.ch\/wp-content\/uploads\/2021\/05\/20190609_101549-1024x768.jpg\" alt=\"\" class=\"wp-image-2847\" srcset=\"https:\/\/teamgarage.ch\/wp-content\/uploads\/2021\/05\/20190609_101549-1024x768.jpg 1024w, https:\/\/teamgarage.ch\/wp-content\/uploads\/2021\/05\/20190609_101549-300x225.jpg 300w, https:\/\/teamgarage.ch\/wp-content\/uploads\/2021\/05\/20190609_101549-768x576.jpg 768w, https:\/\/teamgarage.ch\/wp-content\/uploads\/2021\/05\/20190609_101549-1536x1152.jpg 1536w, https:\/\/teamgarage.ch\/wp-content\/uploads\/2021\/05\/20190609_101549-2048x1536.jpg 2048w\" sizes=\"(max-width: 1024px) 100vw, 1024px\" \/><\/figure>\n<\/figure>\n","protected":false},"excerpt":{"rendered":"<p>Zu Ihrer Sicherheit bieten wir ausschlie\u00dflich Markenreifen an und montieren diese fachm\u00e4nnisch. Recycling und nachhaltige Wiederverwertung der Rohstoffe ist wichtig. Unsere Altreifen werden korrekt von der Firma Rubbertec entsorgt. Da wir unsere Reifen \u00fcber einen Schweizer Lieferanten beziehen, ist sichergestellt wo die Reifen herkommen und wer bei allf\u00e4lligen Sch\u00e4den f\u00fcr die unkomplizierte Garantieabwicklung zust\u00e4ndig ist. Wir beziehen unsere Reifen \u00fcber die Firma Derendinger der swiss automotive group (SAG Group). F\u00fcr unsere Kunden, welche auch die Reifen bei uns kaufen, bieten wir das Reifenhotel kostenlos an. Perfekte Winterausr\u00fcstung, dass ihnen der Winter Spass macht auf der Strasse wie mir. Pneu auf&#8230; <\/p>\n","protected":false},"author":1,"featured_media":0,"parent":0,"menu_order":0,"comment_status":"closed","ping_status":"closed","template":"template-parts\/page-template-full-width.php","meta":[],"_links":{"self":[{"href":"https:\/\/teamgarage.ch\/index.php\/wp-json\/wp\/v2\/pages\/1531"}],"collection":[{"href":"https:\/\/teamgarage.ch\/index.php\/wp-json\/wp\/v2\/pages"}],"about":[{"href":"https:\/\/teamgarage.ch\/index.php\/wp-json\/wp\/v2\/types\/page"}],"author":[{"embeddable":true,"href":"https:\/\/teamgarage.ch\/index.php\/wp-json\/wp\/v2\/users\/1"}],"replies":[{"embeddable":true,"href":"https:\/\/teamgarage.ch\/index.php\/wp-json\/wp\/v2\/comments?post=1531"}],"version-history":[{"count":8,"href":"https:\/\/teamgarage.ch\/index.php\/wp-json\/wp\/v2\/pages\/1531\/revisions"}],"predecessor-version":[{"id":3148,"href":"https:\/\/teamgarage.ch\/index.php\/wp-json\/wp\/v2\/pages\/1531\/revisions\/3148"}],"wp:attachment":[{"href":"https:\/\/teamgarage.ch\/index.php\/wp-json\/wp\/v2\/media?parent=1531"}],"curies":[{"name":"wp","href":"https:\/\/api.w.org\/{rel}","templated":true}]}}