{"id":1512,"date":"2020-08-21T20:16:00","date_gmt":"2020-08-21T20:16:00","guid":{"rendered":"https:\/\/teamgarage.ch\/?page_id=1512"},"modified":"2026-02-15T17:16:16","modified_gmt":"2026-02-15T17:16:16","slug":"mfk-bereitstellen","status":"publish","type":"page","link":"https:\/\/teamgarage.ch\/index.php\/mfk-bereitstellen\/","title":{"rendered":"MFK bereitstellen"},"content":{"rendered":"\n<p><a href=\"https:\/\/www.ag.ch\/de\/dvi\/strassenverkehr\/fahrzeuge\/_fahrzeugpruefung\/film_fahrzeugpruefung\/film_fahrzeugpruefung_1.jsp\">https:\/\/www.ag.ch\/de\/dvi\/strassenverkehr\/fahrzeuge\/_fahrzeugpruefung\/film_fahrzeugpruefung\/film_fahrzeugpruefung_1.jsp<\/a><\/p>\n\n\n\n<p>Wir bringen ihr Fahrzeug f\u00fcr die MFK in Bestform! Hier finden Sie eine Auflistung aller dazugeh\u00f6rigen Weitere Arbeitsaufw\u00e4nde werden mit nach Vorgabezeit mit 149 CHF exkl. Mwst. verrechnet.<\/p>\n\n\n\n<p>Dienstleistungen:<\/p>\n\n\n\n<p><strong><span class=\"has-inline-color has-vivid-red-color\">Alle Preise in CHF und exkl. Mwst<\/span>.<\/strong><\/p>\n\n\n\n<figure class=\"wp-block-table\"><table><tbody><tr><td>Karosserie waschen manuell<\/td><td>gratis<\/td><\/tr><tr><td>Innenraum reinigen<\/td><td>gratis<\/td><\/tr><tr><td>Motor waschen<\/td><td>52 CHF<\/td><\/tr><tr><td>Chassis reinigen<\/td><td>75 CHF<\/td><\/tr><tr><td>Probefahrt<\/td><td>25 CHF<\/td><\/tr><tr><td>Abgaswerte kontrollieren<\/td><td>25 CHF<\/td><\/tr><tr><td>Spur kontrollieren<\/td><td>25 CHF<\/td><\/tr><tr><td>Spur einstellen<\/td><td>45 CHF<\/td><\/tr><tr><td>Licht Funktionskontrolle<\/td><td>gratis<\/td><\/tr><tr><td>Licht Einstellungs-Kontrolle<\/td><td>gratis<\/td><\/tr><tr><td>Licht einstellen<\/td><td>25 CHF<\/td><\/tr><tr><td>Auto auf M\u00e4ngel kontrollieren<\/td><td>70 CHF<\/td><\/tr><tr><td>Vorf\u00fchren auf MFK<\/td><td>100 CHF<\/td><\/tr><tr><td>Pr\u00fcfgeb\u00fcren<\/td><td>65 CHF<\/td><\/tr><tr><td>Bremskontrolle auf Bremspr\u00fcfstand<\/td><td>25 CHF<\/td><\/tr><tr><td>Kontrolle Fehlerspeicher mit Testger\u00e4t<\/td><td>38 CHF<\/td><\/tr><tr><td>Kontrolle Scheibenbremsen vorne und hinten<\/td><td>35 CHF<\/td><\/tr><tr><td>Kontrolle Scheibenbremse vorne, Trommelbremse hinten<\/td><td>75 CHF<\/td><\/tr><\/tbody><\/table><\/figure>\n\n\n\n<figure class=\"wp-container-2 wp-block-gallery-1 wp-block-gallery has-nested-images columns-default is-cropped\">\n<figure class=\"wp-block-image size-large\"><img loading=\"lazy\" width=\"1024\" height=\"498\" data-id=\"1668\"  src=\"https:\/\/teamgarage.ch\/wp-content\/uploads\/2020\/08\/IMG-20200712-WA0143-1024x498.jpg\" alt=\"\" class=\"wp-image-1668\" srcset=\"https:\/\/teamgarage.ch\/wp-content\/uploads\/2020\/08\/IMG-20200712-WA0143-1024x498.jpg 1024w, https:\/\/teamgarage.ch\/wp-content\/uploads\/2020\/08\/IMG-20200712-WA0143-300x146.jpg 300w, https:\/\/teamgarage.ch\/wp-content\/uploads\/2020\/08\/IMG-20200712-WA0143-768x373.jpg 768w, https:\/\/teamgarage.ch\/wp-content\/uploads\/2020\/08\/IMG-20200712-WA0143-1536x747.jpg 1536w, https:\/\/teamgarage.ch\/wp-content\/uploads\/2020\/08\/IMG-20200712-WA0143.jpg 2016w\" sizes=\"(max-width: 1024px) 100vw, 1024px\" \/><\/figure>\n\n\n\n<figure class=\"wp-block-image size-large\"><img loading=\"lazy\" width=\"1024\" height=\"576\" data-id=\"1621\"  src=\"https:\/\/teamgarage.ch\/wp-content\/uploads\/2020\/08\/IMG-20200712-WA0096-e1598560135405-1024x576.jpg\" alt=\"\" class=\"wp-image-1621\" srcset=\"https:\/\/teamgarage.ch\/wp-content\/uploads\/2020\/08\/IMG-20200712-WA0096-e1598560135405-1024x576.jpg 1024w, https:\/\/teamgarage.ch\/wp-content\/uploads\/2020\/08\/IMG-20200712-WA0096-e1598560135405-300x169.jpg 300w, https:\/\/teamgarage.ch\/wp-content\/uploads\/2020\/08\/IMG-20200712-WA0096-e1598560135405-768x432.jpg 768w, https:\/\/teamgarage.ch\/wp-content\/uploads\/2020\/08\/IMG-20200712-WA0096-e1598560135405-1536x864.jpg 1536w, https:\/\/teamgarage.ch\/wp-content\/uploads\/2020\/08\/IMG-20200712-WA0096-e1598560135405.jpg 2016w\" sizes=\"(max-width: 1024px) 100vw, 1024px\" \/><\/figure>\n\n\n\n<figure class=\"wp-block-image size-large\"><img loading=\"lazy\" width=\"1024\" height=\"576\" data-id=\"1653\"  src=\"https:\/\/teamgarage.ch\/wp-content\/uploads\/2020\/08\/IMG-20200712-WA0128-e1598559582669-1024x576.jpg\" alt=\"\" class=\"wp-image-1653\" srcset=\"https:\/\/teamgarage.ch\/wp-content\/uploads\/2020\/08\/IMG-20200712-WA0128-e1598559582669-1024x576.jpg 1024w, https:\/\/teamgarage.ch\/wp-content\/uploads\/2020\/08\/IMG-20200712-WA0128-e1598559582669-300x169.jpg 300w, https:\/\/teamgarage.ch\/wp-content\/uploads\/2020\/08\/IMG-20200712-WA0128-e1598559582669-768x432.jpg 768w, https:\/\/teamgarage.ch\/wp-content\/uploads\/2020\/08\/IMG-20200712-WA0128-e1598559582669-1536x864.jpg 1536w, https:\/\/teamgarage.ch\/wp-content\/uploads\/2020\/08\/IMG-20200712-WA0128-e1598559582669.jpg 2016w\" sizes=\"(max-width: 1024px) 100vw, 1024px\" \/><\/figure>\n\n\n\n<figure class=\"wp-block-image size-large\"><img loading=\"lazy\" width=\"1024\" height=\"498\" data-id=\"1659\"  src=\"https:\/\/teamgarage.ch\/wp-content\/uploads\/2020\/08\/IMG-20200712-WA0134-1024x498.jpg\" alt=\"\" class=\"wp-image-1659\" srcset=\"https:\/\/teamgarage.ch\/wp-content\/uploads\/2020\/08\/IMG-20200712-WA0134-1024x498.jpg 1024w, https:\/\/teamgarage.ch\/wp-content\/uploads\/2020\/08\/IMG-20200712-WA0134-300x146.jpg 300w, https:\/\/teamgarage.ch\/wp-content\/uploads\/2020\/08\/IMG-20200712-WA0134-768x373.jpg 768w, https:\/\/teamgarage.ch\/wp-content\/uploads\/2020\/08\/IMG-20200712-WA0134-1536x747.jpg 1536w, https:\/\/teamgarage.ch\/wp-content\/uploads\/2020\/08\/IMG-20200712-WA0134.jpg 2016w\" sizes=\"(max-width: 1024px) 100vw, 1024px\" \/><\/figure>\n\n\n\n<figure class=\"wp-block-image size-large\"><img loading=\"lazy\" width=\"1024\" height=\"498\" data-id=\"1666\"  src=\"https:\/\/teamgarage.ch\/wp-content\/uploads\/2020\/08\/IMG-20200712-WA0141-1024x498.jpg\" alt=\"\" class=\"wp-image-1666\" srcset=\"https:\/\/teamgarage.ch\/wp-content\/uploads\/2020\/08\/IMG-20200712-WA0141-1024x498.jpg 1024w, https:\/\/teamgarage.ch\/wp-content\/uploads\/2020\/08\/IMG-20200712-WA0141-300x146.jpg 300w, https:\/\/teamgarage.ch\/wp-content\/uploads\/2020\/08\/IMG-20200712-WA0141-768x373.jpg 768w, https:\/\/teamgarage.ch\/wp-content\/uploads\/2020\/08\/IMG-20200712-WA0141-1536x747.jpg 1536w, https:\/\/teamgarage.ch\/wp-content\/uploads\/2020\/08\/IMG-20200712-WA0141.jpg 2016w\" sizes=\"(max-width: 1024px) 100vw, 1024px\" \/><\/figure>\n<\/figure>\n\n\n\n<figure class=\"wp-container-4 wp-block-gallery-3 wp-block-gallery has-nested-images columns-default is-cropped\">\n<figure class=\"wp-block-image size-large\"><img loading=\"lazy\" width=\"1024\" height=\"768\" data-id=\"2489\"  src=\"https:\/\/teamgarage.ch\/wp-content\/uploads\/2021\/02\/20210204_090824-1024x768.jpg\" alt=\"\" class=\"wp-image-2489\" srcset=\"https:\/\/teamgarage.ch\/wp-content\/uploads\/2021\/02\/20210204_090824-1024x768.jpg 1024w, https:\/\/teamgarage.ch\/wp-content\/uploads\/2021\/02\/20210204_090824-300x225.jpg 300w, https:\/\/teamgarage.ch\/wp-content\/uploads\/2021\/02\/20210204_090824-768x576.jpg 768w, https:\/\/teamgarage.ch\/wp-content\/uploads\/2021\/02\/20210204_090824-1536x1152.jpg 1536w, https:\/\/teamgarage.ch\/wp-content\/uploads\/2021\/02\/20210204_090824-2048x1536.jpg 2048w\" sizes=\"(max-width: 1024px) 100vw, 1024px\" \/><\/figure>\n\n\n\n<figure class=\"wp-block-image size-large\"><img loading=\"lazy\" width=\"1024\" height=\"768\" data-id=\"2491\"  src=\"https:\/\/teamgarage.ch\/wp-content\/uploads\/2021\/02\/20210204_090246-1024x768.jpg\" alt=\"\" class=\"wp-image-2491\" srcset=\"https:\/\/teamgarage.ch\/wp-content\/uploads\/2021\/02\/20210204_090246-1024x768.jpg 1024w, https:\/\/teamgarage.ch\/wp-content\/uploads\/2021\/02\/20210204_090246-300x225.jpg 300w, https:\/\/teamgarage.ch\/wp-content\/uploads\/2021\/02\/20210204_090246-768x576.jpg 768w, https:\/\/teamgarage.ch\/wp-content\/uploads\/2021\/02\/20210204_090246-1536x1152.jpg 1536w, https:\/\/teamgarage.ch\/wp-content\/uploads\/2021\/02\/20210204_090246-2048x1536.jpg 2048w\" sizes=\"(max-width: 1024px) 100vw, 1024px\" \/><\/figure>\n\n\n\n<figure class=\"wp-block-image size-large\"><img loading=\"lazy\" width=\"1024\" height=\"768\" data-id=\"2493\"  src=\"https:\/\/teamgarage.ch\/wp-content\/uploads\/2021\/02\/20210204_090815-1-1024x768.jpg\" alt=\"\" class=\"wp-image-2493\" srcset=\"https:\/\/teamgarage.ch\/wp-content\/uploads\/2021\/02\/20210204_090815-1-1024x768.jpg 1024w, https:\/\/teamgarage.ch\/wp-content\/uploads\/2021\/02\/20210204_090815-1-300x225.jpg 300w, https:\/\/teamgarage.ch\/wp-content\/uploads\/2021\/02\/20210204_090815-1-768x576.jpg 768w, https:\/\/teamgarage.ch\/wp-content\/uploads\/2021\/02\/20210204_090815-1-1536x1152.jpg 1536w, https:\/\/teamgarage.ch\/wp-content\/uploads\/2021\/02\/20210204_090815-1-2048x1536.jpg 2048w\" sizes=\"(max-width: 1024px) 100vw, 1024px\" \/><\/figure>\n<\/figure>\n\n\n\n<figure class=\"wp-container-6 wp-block-gallery-5 wp-block-gallery has-nested-images columns-default is-cropped\">\n<figure class=\"wp-block-image size-large\"><img loading=\"lazy\" width=\"1024\" height=\"768\" data-id=\"2875\"  src=\"https:\/\/teamgarage.ch\/wp-content\/uploads\/2021\/05\/20200820_100909-1024x768.jpg\" alt=\"\" class=\"wp-image-2875\" srcset=\"https:\/\/teamgarage.ch\/wp-content\/uploads\/2021\/05\/20200820_100909-1024x768.jpg 1024w, https:\/\/teamgarage.ch\/wp-content\/uploads\/2021\/05\/20200820_100909-300x225.jpg 300w, https:\/\/teamgarage.ch\/wp-content\/uploads\/2021\/05\/20200820_100909-768x576.jpg 768w, https:\/\/teamgarage.ch\/wp-content\/uploads\/2021\/05\/20200820_100909-1536x1152.jpg 1536w, https:\/\/teamgarage.ch\/wp-content\/uploads\/2021\/05\/20200820_100909-2048x1536.jpg 2048w\" sizes=\"(max-width: 1024px) 100vw, 1024px\" \/><\/figure>\n\n\n\n<figure class=\"wp-block-image size-large\"><img loading=\"lazy\" width=\"1024\" height=\"768\" data-id=\"2876\"  src=\"https:\/\/teamgarage.ch\/wp-content\/uploads\/2021\/05\/20190719_102610-1024x768.jpg\" alt=\"\" class=\"wp-image-2876\" srcset=\"https:\/\/teamgarage.ch\/wp-content\/uploads\/2021\/05\/20190719_102610-1024x768.jpg 1024w, https:\/\/teamgarage.ch\/wp-content\/uploads\/2021\/05\/20190719_102610-300x225.jpg 300w, https:\/\/teamgarage.ch\/wp-content\/uploads\/2021\/05\/20190719_102610-768x576.jpg 768w, https:\/\/teamgarage.ch\/wp-content\/uploads\/2021\/05\/20190719_102610-1536x1152.jpg 1536w, https:\/\/teamgarage.ch\/wp-content\/uploads\/2021\/05\/20190719_102610-2048x1536.jpg 2048w\" sizes=\"(max-width: 1024px) 100vw, 1024px\" \/><\/figure>\n\n\n\n<figure class=\"wp-block-image size-large\"><img loading=\"lazy\" width=\"1024\" height=\"768\" data-id=\"2877\"  src=\"https:\/\/teamgarage.ch\/wp-content\/uploads\/2021\/05\/20190609_101538-1024x768.jpg\" alt=\"\" class=\"wp-image-2877\" srcset=\"https:\/\/teamgarage.ch\/wp-content\/uploads\/2021\/05\/20190609_101538-1024x768.jpg 1024w, https:\/\/teamgarage.ch\/wp-content\/uploads\/2021\/05\/20190609_101538-300x225.jpg 300w, https:\/\/teamgarage.ch\/wp-content\/uploads\/2021\/05\/20190609_101538-768x576.jpg 768w, https:\/\/teamgarage.ch\/wp-content\/uploads\/2021\/05\/20190609_101538-1536x1152.jpg 1536w, https:\/\/teamgarage.ch\/wp-content\/uploads\/2021\/05\/20190609_101538-2048x1536.jpg 2048w\" sizes=\"(max-width: 1024px) 100vw, 1024px\" \/><\/figure>\n\n\n\n<figure class=\"wp-block-image size-large\"><img loading=\"lazy\" width=\"1024\" height=\"768\" data-id=\"2878\"  src=\"https:\/\/teamgarage.ch\/wp-content\/uploads\/2021\/05\/20190525_081431-1024x768.jpg\" alt=\"\" class=\"wp-image-2878\" srcset=\"https:\/\/teamgarage.ch\/wp-content\/uploads\/2021\/05\/20190525_081431-1024x768.jpg 1024w, https:\/\/teamgarage.ch\/wp-content\/uploads\/2021\/05\/20190525_081431-300x225.jpg 300w, https:\/\/teamgarage.ch\/wp-content\/uploads\/2021\/05\/20190525_081431-768x576.jpg 768w, https:\/\/teamgarage.ch\/wp-content\/uploads\/2021\/05\/20190525_081431-1536x1152.jpg 1536w, https:\/\/teamgarage.ch\/wp-content\/uploads\/2021\/05\/20190525_081431-2048x1536.jpg 2048w\" sizes=\"(max-width: 1024px) 100vw, 1024px\" \/><\/figure>\n<\/figure>\n","protected":false},"excerpt":{"rendered":"<p>https:\/\/www.ag.ch\/de\/dvi\/strassenverkehr\/fahrzeuge\/_fahrzeugpruefung\/film_fahrzeugpruefung\/film_fahrzeugpruefung_1.jsp Wir bringen ihr Fahrzeug f\u00fcr die MFK in Bestform! Hier finden Sie eine Auflistung aller dazugeh\u00f6rigen Weitere Arbeitsaufw\u00e4nde werden mit nach Vorgabezeit mit 149 CHF exkl. Mwst. verrechnet. Dienstleistungen: Alle Preise in CHF und exkl. Mwst. Karosserie waschen manuell gratis Innenraum reinigen gratis Motor waschen 52 CHF Chassis reinigen 75 CHF Probefahrt 25 CHF Abgaswerte kontrollieren 25 CHF Spur kontrollieren 25 CHF Spur einstellen 45 CHF Licht Funktionskontrolle gratis Licht Einstellungs-Kontrolle gratis Licht einstellen 25 CHF Auto auf M\u00e4ngel kontrollieren 70 CHF Vorf\u00fchren auf MFK 100 CHF Pr\u00fcfgeb\u00fcren 65 CHF Bremskontrolle auf Bremspr\u00fcfstand 25 CHF Kontrolle Fehlerspeicher mit Testger\u00e4t&#8230; <\/p>\n","protected":false},"author":1,"featured_media":1745,"parent":0,"menu_order":0,"comment_status":"closed","ping_status":"closed","template":"template-parts\/page-template-full-width.php","meta":[],"_links":{"self":[{"href":"https:\/\/teamgarage.ch\/index.php\/wp-json\/wp\/v2\/pages\/1512"}],"collection":[{"href":"https:\/\/teamgarage.ch\/index.php\/wp-json\/wp\/v2\/pages"}],"about":[{"href":"https:\/\/teamgarage.ch\/index.php\/wp-json\/wp\/v2\/types\/page"}],"author":[{"embeddable":true,"href":"https:\/\/teamgarage.ch\/index.php\/wp-json\/wp\/v2\/users\/1"}],"replies":[{"embeddable":true,"href":"https:\/\/teamgarage.ch\/index.php\/wp-json\/wp\/v2\/comments?post=1512"}],"version-history":[{"count":17,"href":"https:\/\/teamgarage.ch\/index.php\/wp-json\/wp\/v2\/pages\/1512\/revisions"}],"predecessor-version":[{"id":3204,"href":"https:\/\/teamgarage.ch\/index.php\/wp-json\/wp\/v2\/pages\/1512\/revisions\/3204"}],"wp:featuredmedia":[{"embeddable":true,"href":"https:\/\/teamgarage.ch\/index.php\/wp-json\/wp\/v2\/media\/1745"}],"wp:attachment":[{"href":"https:\/\/teamgarage.ch\/index.php\/wp-json\/wp\/v2\/media?parent=1512"}],"curies":[{"name":"wp","href":"https:\/\/api.w.org\/{rel}","templated":true}]}}