{"id":13,"date":"2020-07-09T20:25:15","date_gmt":"2020-07-09T20:25:15","guid":{"rendered":"https:\/\/teamgarage.natuerlich-beraten.ch\/?page_id=13"},"modified":"2023-01-07T22:22:43","modified_gmt":"2023-01-07T22:22:43","slug":"reparaturen","status":"publish","type":"page","link":"https:\/\/teamgarage.ch\/index.php\/reparaturen\/","title":{"rendered":"Dienstleistungen"},"content":{"rendered":"\n<p>Hier finden Sie alle Infos zu unseren Dienstleistungen.<br>Bei allf\u00e4lligen Fragen stehen wir jederzeit zur Verf\u00fcgung.<\/p>\n\n\n\n<ul><li>Service und Reparaturen aller Automarken und Lieferwagen bis 5Tonnen Leergewicht<\/li><li>Reparatur von Anh\u00e4nger<\/li><li>MFK Bereitstellung von allen Autos und Lieferwagen sowie Anh\u00e4nger<\/li><li>Sp\u00fclen von Automatikgetriebe mit modernem Getriebesp\u00fclger\u00e4t. Wie dies gemacht wird sehen sie Anhand des Video. <a href=\"https:\/\/www.youtube.com\/watch?v=gIfDiYs2TMw\">https:\/\/www.youtube.com\/watch?v=gIfDiYs2TMw<\/a><\/li><li>Fahrzeugdiagnose mit Bosch KTS<\/li><li>Bremspr\u00fcfstand<\/li><li>Carosserie-Reparaturen<\/li><li>Schadenabwicklung mit der Versicherung bei Unfallschaden<\/li><li>Klimaservice<\/li><li>Reifen und R\u00e4derservice, Reifenhotel<\/li><li>Spezialreparaturen inkl. Teileanfertigung, Sonderl\u00f6sungen<\/li><li>Occassionshandel<\/li><li>Transparente Mobilit\u00e4t &#8211; Fahrzeugvermietung<\/li><li>Lieferwagenvermietung (Renault Master Kastenwagen)<\/li><li>Ersatzwagen<\/li><li>Glasersatz inkl. Schadenabkl\u00e4rung mit der Versicherung<\/li><li>Zubeh\u00f6r inkl. Pr\u00fcfen von angebauten Zubeh\u00f6rteilen auf die MFK<\/li><li>Tuning<\/li><li>Abgaswartungen an Benzin und Diesel Fahrzeugen<\/li><li>Limousinenservice inkl. Chaufeuse<\/li><\/ul>\n\n\n\n<p>Alle Preise in CHF und exkl. MwSt.<\/p>\n","protected":false},"excerpt":{"rendered":"<p>Hier finden Sie alle Infos zu unseren Dienstleistungen.Bei allf\u00e4lligen Fragen stehen wir jederzeit zur Verf\u00fcgung. Service und Reparaturen aller Automarken und Lieferwagen bis 5Tonnen Leergewicht Reparatur von Anh\u00e4nger MFK Bereitstellung von allen Autos und Lieferwagen sowie Anh\u00e4nger Sp\u00fclen von Automatikgetriebe mit modernem Getriebesp\u00fclger\u00e4t. Wie dies gemacht wird sehen sie Anhand des Video. https:\/\/www.youtube.com\/watch?v=gIfDiYs2TMw Fahrzeugdiagnose mit Bosch KTS Bremspr\u00fcfstand Carosserie-Reparaturen Schadenabwicklung mit der Versicherung bei Unfallschaden Klimaservice Reifen und R\u00e4derservice, Reifenhotel Spezialreparaturen inkl. Teileanfertigung, Sonderl\u00f6sungen Occassionshandel Transparente Mobilit\u00e4t &#8211; Fahrzeugvermietung Lieferwagenvermietung (Renault Master Kastenwagen) Ersatzwagen Glasersatz inkl. Schadenabkl\u00e4rung mit der Versicherung Zubeh\u00f6r inkl. Pr\u00fcfen von angebauten Zubeh\u00f6rteilen auf die MFK Tuning&#8230; <\/p>\n","protected":false},"author":1,"featured_media":9,"parent":0,"menu_order":0,"comment_status":"closed","ping_status":"closed","template":"template-parts\/page-template-full-width.php","meta":[],"_links":{"self":[{"href":"https:\/\/teamgarage.ch\/index.php\/wp-json\/wp\/v2\/pages\/13"}],"collection":[{"href":"https:\/\/teamgarage.ch\/index.php\/wp-json\/wp\/v2\/pages"}],"about":[{"href":"https:\/\/teamgarage.ch\/index.php\/wp-json\/wp\/v2\/types\/page"}],"author":[{"embeddable":true,"href":"https:\/\/teamgarage.ch\/index.php\/wp-json\/wp\/v2\/users\/1"}],"replies":[{"embeddable":true,"href":"https:\/\/teamgarage.ch\/index.php\/wp-json\/wp\/v2\/comments?post=13"}],"version-history":[{"count":12,"href":"https:\/\/teamgarage.ch\/index.php\/wp-json\/wp\/v2\/pages\/13\/revisions"}],"predecessor-version":[{"id":3158,"href":"https:\/\/teamgarage.ch\/index.php\/wp-json\/wp\/v2\/pages\/13\/revisions\/3158"}],"wp:featuredmedia":[{"embeddable":true,"href":"https:\/\/teamgarage.ch\/index.php\/wp-json\/wp\/v2\/media\/9"}],"wp:attachment":[{"href":"https:\/\/teamgarage.ch\/index.php\/wp-json\/wp\/v2\/media?parent=13"}],"curies":[{"name":"wp","href":"https:\/\/api.w.org\/{rel}","templated":true}]}}